{"id":2696,"date":"2020-10-22T08:49:57","date_gmt":"2020-10-22T08:49:57","guid":{"rendered":"https:\/\/huntnfishusa.com\/?post_type=product&#038;p=2696"},"modified":"2020-11-25T08:34:18","modified_gmt":"2020-11-25T08:34:18","slug":"turkey-hunt-fourth-season","status":"publish","type":"product","link":"https:\/\/huntnfishusa.com\/sv\/shop\/turkey-hunt-fourth-season\/","title":{"rendered":"Turkey Hunt &#8221;Fourth Season&#8221;"},"content":{"rendered":"<h3>Kalkonjakt &#8221;Fourth Season&#8221;<\/h3>\n<p>Fr\u00e5n 22. April &#8211; 28. April<\/p>\n<p>Vi jagar den vilda \u00f6stra kalkon h\u00e4r i s\u00f6dra Illinois. Taggen f\u00f6r kalkons\u00e4songen \u00e4r uppdelad i fem s\u00e4songer och det h\u00e4r \u00e4r en dragkod. Du kommer att ans\u00f6ka om en tagg i januari 2021 f\u00f6r v\u00e5rs\u00e4songen. Se datum nedan.<\/p>\n<p>Vi jagar 1100 tunnland i 3 l\u00e4n. Taggarna \u00e4r l\u00e4nsspecifika s\u00e5 det beror bara p\u00e5 vilken tagg du ritar beror p\u00e5 var vi jagar.<\/p>\n<p>Priserna f\u00f6r denna kalkonjakt \u00e4r $ 400 per dag &#8211; minst 3 dagar.<\/p>\n<p>Boende och m\u00e5ltider <strong>ing\u00e5r<\/strong> i detta pris.<\/p>\n<p><em>Taggar och licenser ing\u00e5r inte.<\/em><\/p>\n<p>H\u00c4R G\u00d6R DU EN F\u00d6RFR\u00c5GAN:<\/p>\n<ol>\n<li>V\u00e4lj antal dagar<\/li>\n<li>V\u00e4lj \u00f6nskat startdatum i kalendern<\/li>\n<li>Ange antalet personer som vill g\u00e5 p\u00e5 jakt<\/li>\n<li>L\u00e4gg till offert som visar den totala fr\u00e5gan<\/li>\n<li>H\u00e4mtning och avl\u00e4mning p\u00e5 flygplatsen \u00e4r tillg\u00e4nglig p\u00e5 beg\u00e4ran, den n\u00e4rmaste internationella flygplatsen finns i Nashville TN f\u00f6r en extra $ 150 per grupp. Du kan l\u00e4gga till det med hj\u00e4lp av &#8221;Pick-Up&#8221; -knappen p\u00e5 beg\u00e4ran-listan<\/li>\n<li>N\u00e4r allt ser r\u00e4tt ut enligt dina \u00f6nskem\u00e5l skicka beg\u00e4ran ved at trykke p\u00e4 &#8221;Send quote request&#8221;, s\u00e5 \u00e5terkommer vi till dig s\u00e5 snart som m\u00f6jligt<\/li>\n<\/ol>\n","protected":false},"excerpt":{"rendered":"<p>Kalkonjakt &#8221;Fourth Season&#8221; Fr\u00e5n 22. April &#8211; 28. April Vi jagar den vilda \u00f6stra kalkon h\u00e4r i s\u00f6dra Illinois. Taggen f\u00f6r kalkons\u00e4songen \u00e4r uppdelad i fem s\u00e4songer och det h\u00e4r \u00e4r en dragkod. Du kommer att ans\u00f6ka om en tagg [&hellip;]<\/p>\n","protected":false},"featured_media":4500,"template":"","meta":[],"product_brand":[],"product_cat":[58],"product_tag":[],"class_list":{"0":"post-2696","1":"product","2":"type-product","3":"status-publish","4":"has-post-thumbnail","6":"product_cat-kalkunjagt","7":"clearfix","9":"first","10":"instock","11":"shipping-taxable","12":"purchasable","13":"product-type-variable"},"translation":{"provider":"WPGlobus","version":"3.0.2","language":"sv","enabled_languages":["da","en","de","sv"],"languages":{"da":{"title":true,"content":true,"excerpt":false},"en":{"title":false,"content":true,"excerpt":false},"de":{"title":false,"content":true,"excerpt":false},"sv":{"title":false,"content":true,"excerpt":false}}},"yoast_head":"<!-- This site is optimized with the Yoast SEO plugin v27.0 - https:\/\/yoast.com\/product\/yoast-seo-wordpress\/ -->\n<title>Turkey Hunt &quot;Fourth Season&quot; - hunt &#039;n&#039; fish USA<\/title>\n<meta name=\"robots\" content=\"index, follow, max-snippet:-1, max-image-preview:large, max-video-preview:-1\" \/>\n<link rel=\"canonical\" href=\"https:\/\/huntnfishusa.com\/shop\/turkey-hunt-fourth-season\/\" \/>\n<meta property=\"og:locale\" content=\"sv_SE\" \/>\n<meta property=\"og:type\" content=\"article\" \/>\n<meta property=\"og:title\" content=\"Turkey Hunt &quot;Fourth Season&quot; - hunt &#039;n&#039; fish USA\" \/>\n<meta property=\"og:url\" content=\"https:\/\/huntnfishusa.com\/shop\/turkey-hunt-fourth-season\/\" \/>\n<meta property=\"og:site_name\" content=\"hunt &#039;n&#039; fish USA\" \/>\n<meta property=\"article:modified_time\" content=\"2020-11-25T08:34:18+00:00\" \/>\n<meta property=\"og:image\" content=\"https:\/\/huntnfishusa.com\/wp-content\/uploads\/2020\/11\/turkeyhunt2-600.jpg\" \/>\n\t<meta property=\"og:image:width\" content=\"600\" \/>\n\t<meta property=\"og:image:height\" content=\"600\" \/>\n\t<meta property=\"og:image:type\" content=\"image\/jpeg\" \/>\n<meta name=\"twitter:card\" content=\"summary_large_image\" \/>\n<script type=\"application\/ld+json\" class=\"yoast-schema-graph\">{\"@context\":\"https:\/\/schema.org\",\"@graph\":[{\"@type\":\"WebPage\",\"@id\":\"https:\/\/huntnfishusa.com\/shop\/turkey-hunt-fourth-season\/\",\"url\":\"https:\/\/huntnfishusa.com\/shop\/turkey-hunt-fourth-season\/\",\"name\":\"Turkey Hunt \\\"Fourth Season\\\" - hunt &#039;n&#039; fish USA\",\"isPartOf\":{\"@id\":\"https:\/\/huntnfishusa.com\/#website\"},\"primaryImageOfPage\":{\"@id\":\"https:\/\/huntnfishusa.com\/shop\/turkey-hunt-fourth-season\/#primaryimage\"},\"image\":{\"@id\":\"https:\/\/huntnfishusa.com\/shop\/turkey-hunt-fourth-season\/#primaryimage\"},\"thumbnailUrl\":\"https:\/\/huntnfishusa.com\/wp-content\/uploads\/2020\/11\/turkeyhunt2-600.jpg\",\"datePublished\":\"2020-10-22T08:49:57+00:00\",\"dateModified\":\"2020-11-25T08:34:18+00:00\",\"breadcrumb\":{\"@id\":\"https:\/\/huntnfishusa.com\/shop\/turkey-hunt-fourth-season\/#breadcrumb\"},\"inLanguage\":\"sv-SE\",\"potentialAction\":[{\"@type\":\"ReadAction\",\"target\":[\"https:\/\/huntnfishusa.com\/shop\/turkey-hunt-fourth-season\/\"]}]},{\"@type\":\"ImageObject\",\"inLanguage\":\"sv-SE\",\"@id\":\"https:\/\/huntnfishusa.com\/shop\/turkey-hunt-fourth-season\/#primaryimage\",\"url\":\"https:\/\/huntnfishusa.com\/wp-content\/uploads\/2020\/11\/turkeyhunt2-600.jpg\",\"contentUrl\":\"https:\/\/huntnfishusa.com\/wp-content\/uploads\/2020\/11\/turkeyhunt2-600.jpg\",\"width\":600,\"height\":600},{\"@type\":\"BreadcrumbList\",\"@id\":\"https:\/\/huntnfishusa.com\/shop\/turkey-hunt-fourth-season\/#breadcrumb\",\"itemListElement\":[{\"@type\":\"ListItem\",\"position\":1,\"name\":\"Hjem\",\"item\":\"https:\/\/huntnfishusa.com\/\"},{\"@type\":\"ListItem\",\"position\":2,\"name\":\"Tours\",\"item\":\"https:\/\/huntnfishusa.com\/shop\/\"},{\"@type\":\"ListItem\",\"position\":3,\"name\":\"Turkey Hunt &#8220;Fourth Season&#8221;\"}]},{\"@type\":\"WebSite\",\"@id\":\"https:\/\/huntnfishusa.com\/#website\",\"url\":\"https:\/\/huntnfishusa.com\/\",\"name\":\"hunt &#039;n&#039; fish USA\",\"description\":\"Jakt og fiskeri med pil og b\u00e5ge rejsar i Illinois USA\",\"publisher\":{\"@id\":\"https:\/\/huntnfishusa.com\/#organization\"},\"potentialAction\":[{\"@type\":\"SearchAction\",\"target\":{\"@type\":\"EntryPoint\",\"urlTemplate\":\"https:\/\/huntnfishusa.com\/?s={search_term_string}\"},\"query-input\":{\"@type\":\"PropertyValueSpecification\",\"valueRequired\":true,\"valueName\":\"search_term_string\"}}],\"inLanguage\":\"sv-SE\"},{\"@type\":\"Organization\",\"@id\":\"https:\/\/huntnfishusa.com\/#organization\",\"name\":\"Hunt 'n' Fish USA\",\"url\":\"https:\/\/huntnfishusa.com\/\",\"logo\":{\"@type\":\"ImageObject\",\"inLanguage\":\"sv-SE\",\"@id\":\"https:\/\/huntnfishusa.com\/#\/schema\/logo\/image\/\",\"url\":\"https:\/\/huntnfishusa.com\/wp-content\/uploads\/2020\/07\/huntnfishlogo_regular.png\",\"contentUrl\":\"https:\/\/huntnfishusa.com\/wp-content\/uploads\/2020\/07\/huntnfishlogo_regular.png\",\"width\":564,\"height\":134,\"caption\":\"Hunt 'n' Fish USA\"},\"image\":{\"@id\":\"https:\/\/huntnfishusa.com\/#\/schema\/logo\/image\/\"}}]}<\/script>\n<!-- \/ Yoast SEO plugin. -->","yoast_head_json":{"title":"Turkey Hunt \"Fourth Season\" - hunt &#039;n&#039; fish USA","robots":{"index":"index","follow":"follow","max-snippet":"max-snippet:-1","max-image-preview":"max-image-preview:large","max-video-preview":"max-video-preview:-1"},"canonical":"https:\/\/huntnfishusa.com\/shop\/turkey-hunt-fourth-season\/","og_locale":"sv_SE","og_type":"article","og_title":"Turkey Hunt \"Fourth Season\" - hunt &#039;n&#039; fish USA","og_url":"https:\/\/huntnfishusa.com\/shop\/turkey-hunt-fourth-season\/","og_site_name":"hunt &#039;n&#039; fish USA","article_modified_time":"2020-11-25T08:34:18+00:00","og_image":[{"width":600,"height":600,"url":"https:\/\/huntnfishusa.com\/wp-content\/uploads\/2020\/11\/turkeyhunt2-600.jpg","type":"image\/jpeg"}],"twitter_card":"summary_large_image","schema":{"@context":"https:\/\/schema.org","@graph":[{"@type":"WebPage","@id":"https:\/\/huntnfishusa.com\/shop\/turkey-hunt-fourth-season\/","url":"https:\/\/huntnfishusa.com\/shop\/turkey-hunt-fourth-season\/","name":"Turkey Hunt \"Fourth Season\" - hunt &#039;n&#039; fish USA","isPartOf":{"@id":"https:\/\/huntnfishusa.com\/#website"},"primaryImageOfPage":{"@id":"https:\/\/huntnfishusa.com\/shop\/turkey-hunt-fourth-season\/#primaryimage"},"image":{"@id":"https:\/\/huntnfishusa.com\/shop\/turkey-hunt-fourth-season\/#primaryimage"},"thumbnailUrl":"https:\/\/huntnfishusa.com\/wp-content\/uploads\/2020\/11\/turkeyhunt2-600.jpg","datePublished":"2020-10-22T08:49:57+00:00","dateModified":"2020-11-25T08:34:18+00:00","breadcrumb":{"@id":"https:\/\/huntnfishusa.com\/shop\/turkey-hunt-fourth-season\/#breadcrumb"},"inLanguage":"sv-SE","potentialAction":[{"@type":"ReadAction","target":["https:\/\/huntnfishusa.com\/shop\/turkey-hunt-fourth-season\/"]}]},{"@type":"ImageObject","inLanguage":"sv-SE","@id":"https:\/\/huntnfishusa.com\/shop\/turkey-hunt-fourth-season\/#primaryimage","url":"https:\/\/huntnfishusa.com\/wp-content\/uploads\/2020\/11\/turkeyhunt2-600.jpg","contentUrl":"https:\/\/huntnfishusa.com\/wp-content\/uploads\/2020\/11\/turkeyhunt2-600.jpg","width":600,"height":600},{"@type":"BreadcrumbList","@id":"https:\/\/huntnfishusa.com\/shop\/turkey-hunt-fourth-season\/#breadcrumb","itemListElement":[{"@type":"ListItem","position":1,"name":"Hjem","item":"https:\/\/huntnfishusa.com\/"},{"@type":"ListItem","position":2,"name":"Tours","item":"https:\/\/huntnfishusa.com\/shop\/"},{"@type":"ListItem","position":3,"name":"Turkey Hunt &#8220;Fourth Season&#8221;"}]},{"@type":"WebSite","@id":"https:\/\/huntnfishusa.com\/#website","url":"https:\/\/huntnfishusa.com\/","name":"hunt &#039;n&#039; fish USA","description":"Jakt og fiskeri med pil og b\u00e5ge rejsar i Illinois USA","publisher":{"@id":"https:\/\/huntnfishusa.com\/#organization"},"potentialAction":[{"@type":"SearchAction","target":{"@type":"EntryPoint","urlTemplate":"https:\/\/huntnfishusa.com\/?s={search_term_string}"},"query-input":{"@type":"PropertyValueSpecification","valueRequired":true,"valueName":"search_term_string"}}],"inLanguage":"sv-SE"},{"@type":"Organization","@id":"https:\/\/huntnfishusa.com\/#organization","name":"Hunt 'n' Fish USA","url":"https:\/\/huntnfishusa.com\/","logo":{"@type":"ImageObject","inLanguage":"sv-SE","@id":"https:\/\/huntnfishusa.com\/#\/schema\/logo\/image\/","url":"https:\/\/huntnfishusa.com\/wp-content\/uploads\/2020\/07\/huntnfishlogo_regular.png","contentUrl":"https:\/\/huntnfishusa.com\/wp-content\/uploads\/2020\/07\/huntnfishlogo_regular.png","width":564,"height":134,"caption":"Hunt 'n' Fish USA"},"image":{"@id":"https:\/\/huntnfishusa.com\/#\/schema\/logo\/image\/"}}]}},"_links":{"self":[{"href":"https:\/\/huntnfishusa.com\/sv\/wp-json\/wp\/v2\/product\/2696","targetHints":{"allow":["GET"]}}],"collection":[{"href":"https:\/\/huntnfishusa.com\/sv\/wp-json\/wp\/v2\/product"}],"about":[{"href":"https:\/\/huntnfishusa.com\/sv\/wp-json\/wp\/v2\/types\/product"}],"version-history":[{"count":5,"href":"https:\/\/huntnfishusa.com\/sv\/wp-json\/wp\/v2\/product\/2696\/revisions"}],"predecessor-version":[{"id":3161,"href":"https:\/\/huntnfishusa.com\/sv\/wp-json\/wp\/v2\/product\/2696\/revisions\/3161"}],"wp:featuredmedia":[{"embeddable":true,"href":"https:\/\/huntnfishusa.com\/sv\/wp-json\/wp\/v2\/media\/4500"}],"wp:attachment":[{"href":"https:\/\/huntnfishusa.com\/sv\/wp-json\/wp\/v2\/media?parent=2696"}],"wp:term":[{"taxonomy":"product_brand","embeddable":true,"href":"https:\/\/huntnfishusa.com\/sv\/wp-json\/wp\/v2\/product_brand?post=2696"},{"taxonomy":"product_cat","embeddable":true,"href":"https:\/\/huntnfishusa.com\/sv\/wp-json\/wp\/v2\/product_cat?post=2696"},{"taxonomy":"product_tag","embeddable":true,"href":"https:\/\/huntnfishusa.com\/sv\/wp-json\/wp\/v2\/product_tag?post=2696"}],"curies":[{"name":"wp","href":"https:\/\/api.w.org\/{rel}","templated":true}]}}