{"id":2482,"date":"2020-10-20T08:49:14","date_gmt":"2020-10-20T08:49:14","guid":{"rendered":"https:\/\/huntnfishusa.com\/?post_type=product&#038;p=2482"},"modified":"2020-11-25T07:00:32","modified_gmt":"2020-11-25T07:00:32","slug":"shotgun-deerhunt-second-season","status":"publish","type":"product","link":"https:\/\/huntnfishusa.com\/sv\/shop\/shotgun-deerhunt-second-season\/","title":{"rendered":"Shotgun Deerhunt &#8211; Second Season"},"content":{"rendered":"<h3>Hjortjakt med hagelgev\u00e4r &#8211; &#8221;Second Season&#8221;<\/h3>\n<p>Fr\u00e5n 2. December &#8211; 5. December 2021<\/p>\n<p>Det finns jakter d\u00e4r antalet intresserade j\u00e4gare \u00f6verstiger de tillg\u00e4ngliga djuren. I dessa fall anv\u00e4nder Illinois ett slumpm\u00e4ssigt lotteri f\u00f6r att distribuera det begr\u00e4nsade antalet jakttillst\u00e5nd.<\/p>\n<p>Varje s\u00f6kande \u00e4r registrerad och namnen v\u00e4ljs slumpm\u00e4ssigt.<\/p>\n<p>Det betyder att du m\u00e5ste ans\u00f6ka online f\u00f6r att f\u00e5 din jaktlicens. Priser och dragningsdatum finns p\u00e5 www.Idnr.com under fliken &#8221;Deerhunting&#8221;.<\/p>\n<p>Detta \u00e4r ett l\u00e4nsspecifikt jaktskylt, vilket inneb\u00e4r att du bara kan jaga i det l\u00e4n du \u00e4r inst\u00e4lld p\u00e5.<\/p>\n<p><strong>Priserna g\u00e4ller f\u00f6r hela s\u00e4songen &#8211; dvs. 4 dagar<\/strong><\/p>\n<p><strong>Ing\u00e5r i jakten \u00e4r:<\/strong><\/p>\n<ul>\n<li>M\u00e5ltider<\/li>\n<li>Boende<\/li>\n<li>Transport fram och tillbaka till jaktomr\u00e5det<\/li>\n<li>M\u00f6jligheten att en guide sitter med dig p\u00e5 l\u00e4ktaren<\/li>\n<\/ul>\n<p><em>Licenser och jaktlicenser ing\u00e5r inte.<\/em><\/p>\n<p>Licensavgifter:<br \/>\nUtl\u00e4ndsk person, 5 dagar ($ 35,75) + st\u00e4mpel ($ 5,00)<\/p>\n<p>H\u00c4R G\u00d6R DU EN F\u00d6RFR\u00c5GAN:<\/p>\n<ol>\n<li>V\u00e4lj antalet personer som vill g\u00e5 p\u00e5 jakt<\/li>\n<li>Tryk p\u00e5 &#8221;Add to quote&#8221; visar den totala fr\u00e5gan<\/li>\n<li>H\u00e4mtning och avl\u00e4mning p\u00e5 flygplatsen \u00e4r tillg\u00e4nglig p\u00e5 beg\u00e4ran, den n\u00e4rmaste internationella flygplatsen finns i Nashville TN f\u00f6r en extra $ 150 per grupp. Du kan l\u00e4gga till det med hj\u00e4lp av &#8221;Pick-Up&#8221; -knappen p\u00e5 beg\u00e4ran-listan<\/li>\n<li>N\u00e4r allt ser r\u00e4tt ut enligt dina \u00f6nskem\u00e5l skicka beg\u00e4ran ved at trykke p\u00e4 &#8221;Send quote request&#8221;, s\u00e5 \u00e5terkommer vi till dig s\u00e5 snart som m\u00f6jligt<\/li>\n<\/ol>\n","protected":false},"excerpt":{"rendered":"<p>Hjortjakt med hagelgev\u00e4r &#8211; &#8221;Second Season&#8221; Fr\u00e5n 2. December &#8211; 5. December 2021 Det finns jakter d\u00e4r antalet intresserade j\u00e4gare \u00f6verstiger de tillg\u00e4ngliga djuren. I dessa fall anv\u00e4nder Illinois ett slumpm\u00e4ssigt lotteri f\u00f6r att distribuera det begr\u00e4nsade antalet jakttillst\u00e5nd. Varje [&hellip;]<\/p>\n","protected":false},"featured_media":1108,"template":"","meta":[],"product_brand":[],"product_cat":[109,33],"product_tag":[],"class_list":{"0":"post-2482","1":"product","2":"type-product","3":"status-publish","4":"has-post-thumbnail","6":"product_cat-deerhunting-gun","7":"product_cat-hjortjakt","8":"clearfix","10":"first","11":"instock","12":"shipping-taxable","13":"purchasable","14":"product-type-simple"},"translation":{"provider":"WPGlobus","version":"3.0.2","language":"sv","enabled_languages":["da","en","de","sv"],"languages":{"da":{"title":true,"content":true,"excerpt":false},"en":{"title":false,"content":true,"excerpt":false},"de":{"title":false,"content":true,"excerpt":false},"sv":{"title":false,"content":true,"excerpt":false}}},"yoast_head":"<!-- This site is optimized with the Yoast SEO plugin v27.0 - https:\/\/yoast.com\/product\/yoast-seo-wordpress\/ -->\n<title>Shotgun Deerhunt - Second Season - hunt &#039;n&#039; fish USA<\/title>\n<meta name=\"robots\" content=\"index, follow, max-snippet:-1, max-image-preview:large, max-video-preview:-1\" \/>\n<link rel=\"canonical\" href=\"https:\/\/huntnfishusa.com\/shop\/shotgun-deerhunt-second-season\/\" \/>\n<meta property=\"og:locale\" content=\"sv_SE\" \/>\n<meta property=\"og:type\" content=\"article\" \/>\n<meta property=\"og:title\" content=\"Shotgun Deerhunt - Second Season - hunt &#039;n&#039; fish USA\" \/>\n<meta property=\"og:url\" content=\"https:\/\/huntnfishusa.com\/shop\/shotgun-deerhunt-second-season\/\" \/>\n<meta property=\"og:site_name\" content=\"hunt &#039;n&#039; fish USA\" \/>\n<meta property=\"article:modified_time\" content=\"2020-11-25T07:00:32+00:00\" \/>\n<meta property=\"og:image\" content=\"https:\/\/huntnfishusa.com\/wp-content\/uploads\/2020\/07\/deerhunting_product.jpg\" \/>\n\t<meta property=\"og:image:width\" content=\"640\" \/>\n\t<meta property=\"og:image:height\" content=\"480\" \/>\n\t<meta property=\"og:image:type\" content=\"image\/jpeg\" \/>\n<meta name=\"twitter:card\" content=\"summary_large_image\" \/>\n<script type=\"application\/ld+json\" class=\"yoast-schema-graph\">{\"@context\":\"https:\/\/schema.org\",\"@graph\":[{\"@type\":\"WebPage\",\"@id\":\"https:\/\/huntnfishusa.com\/shop\/shotgun-deerhunt-second-season\/\",\"url\":\"https:\/\/huntnfishusa.com\/shop\/shotgun-deerhunt-second-season\/\",\"name\":\"Shotgun Deerhunt - Second Season - hunt &#039;n&#039; fish USA\",\"isPartOf\":{\"@id\":\"https:\/\/huntnfishusa.com\/#website\"},\"primaryImageOfPage\":{\"@id\":\"https:\/\/huntnfishusa.com\/shop\/shotgun-deerhunt-second-season\/#primaryimage\"},\"image\":{\"@id\":\"https:\/\/huntnfishusa.com\/shop\/shotgun-deerhunt-second-season\/#primaryimage\"},\"thumbnailUrl\":\"https:\/\/huntnfishusa.com\/wp-content\/uploads\/2020\/07\/deerhunting_product.jpg\",\"datePublished\":\"2020-10-20T08:49:14+00:00\",\"dateModified\":\"2020-11-25T07:00:32+00:00\",\"breadcrumb\":{\"@id\":\"https:\/\/huntnfishusa.com\/shop\/shotgun-deerhunt-second-season\/#breadcrumb\"},\"inLanguage\":\"sv-SE\",\"potentialAction\":[{\"@type\":\"ReadAction\",\"target\":[\"https:\/\/huntnfishusa.com\/shop\/shotgun-deerhunt-second-season\/\"]}]},{\"@type\":\"ImageObject\",\"inLanguage\":\"sv-SE\",\"@id\":\"https:\/\/huntnfishusa.com\/shop\/shotgun-deerhunt-second-season\/#primaryimage\",\"url\":\"https:\/\/huntnfishusa.com\/wp-content\/uploads\/2020\/07\/deerhunting_product.jpg\",\"contentUrl\":\"https:\/\/huntnfishusa.com\/wp-content\/uploads\/2020\/07\/deerhunting_product.jpg\",\"width\":640,\"height\":480},{\"@type\":\"BreadcrumbList\",\"@id\":\"https:\/\/huntnfishusa.com\/shop\/shotgun-deerhunt-second-season\/#breadcrumb\",\"itemListElement\":[{\"@type\":\"ListItem\",\"position\":1,\"name\":\"Hjem\",\"item\":\"https:\/\/huntnfishusa.com\/\"},{\"@type\":\"ListItem\",\"position\":2,\"name\":\"Tours\",\"item\":\"https:\/\/huntnfishusa.com\/shop\/\"},{\"@type\":\"ListItem\",\"position\":3,\"name\":\"Shotgun Deerhunt &#8211; Second Season\"}]},{\"@type\":\"WebSite\",\"@id\":\"https:\/\/huntnfishusa.com\/#website\",\"url\":\"https:\/\/huntnfishusa.com\/\",\"name\":\"hunt &#039;n&#039; fish USA\",\"description\":\"Jakt og fiskeri med pil og b\u00e5ge rejsar i Illinois USA\",\"publisher\":{\"@id\":\"https:\/\/huntnfishusa.com\/#organization\"},\"potentialAction\":[{\"@type\":\"SearchAction\",\"target\":{\"@type\":\"EntryPoint\",\"urlTemplate\":\"https:\/\/huntnfishusa.com\/?s={search_term_string}\"},\"query-input\":{\"@type\":\"PropertyValueSpecification\",\"valueRequired\":true,\"valueName\":\"search_term_string\"}}],\"inLanguage\":\"sv-SE\"},{\"@type\":\"Organization\",\"@id\":\"https:\/\/huntnfishusa.com\/#organization\",\"name\":\"Hunt 'n' Fish USA\",\"url\":\"https:\/\/huntnfishusa.com\/\",\"logo\":{\"@type\":\"ImageObject\",\"inLanguage\":\"sv-SE\",\"@id\":\"https:\/\/huntnfishusa.com\/#\/schema\/logo\/image\/\",\"url\":\"https:\/\/huntnfishusa.com\/wp-content\/uploads\/2020\/07\/huntnfishlogo_regular.png\",\"contentUrl\":\"https:\/\/huntnfishusa.com\/wp-content\/uploads\/2020\/07\/huntnfishlogo_regular.png\",\"width\":564,\"height\":134,\"caption\":\"Hunt 'n' Fish USA\"},\"image\":{\"@id\":\"https:\/\/huntnfishusa.com\/#\/schema\/logo\/image\/\"}}]}<\/script>\n<!-- \/ Yoast SEO plugin. -->","yoast_head_json":{"title":"Shotgun Deerhunt - Second Season - hunt &#039;n&#039; fish USA","robots":{"index":"index","follow":"follow","max-snippet":"max-snippet:-1","max-image-preview":"max-image-preview:large","max-video-preview":"max-video-preview:-1"},"canonical":"https:\/\/huntnfishusa.com\/shop\/shotgun-deerhunt-second-season\/","og_locale":"sv_SE","og_type":"article","og_title":"Shotgun Deerhunt - Second Season - hunt &#039;n&#039; fish USA","og_url":"https:\/\/huntnfishusa.com\/shop\/shotgun-deerhunt-second-season\/","og_site_name":"hunt &#039;n&#039; fish USA","article_modified_time":"2020-11-25T07:00:32+00:00","og_image":[{"width":640,"height":480,"url":"https:\/\/huntnfishusa.com\/wp-content\/uploads\/2020\/07\/deerhunting_product.jpg","type":"image\/jpeg"}],"twitter_card":"summary_large_image","schema":{"@context":"https:\/\/schema.org","@graph":[{"@type":"WebPage","@id":"https:\/\/huntnfishusa.com\/shop\/shotgun-deerhunt-second-season\/","url":"https:\/\/huntnfishusa.com\/shop\/shotgun-deerhunt-second-season\/","name":"Shotgun Deerhunt - Second Season - hunt &#039;n&#039; fish USA","isPartOf":{"@id":"https:\/\/huntnfishusa.com\/#website"},"primaryImageOfPage":{"@id":"https:\/\/huntnfishusa.com\/shop\/shotgun-deerhunt-second-season\/#primaryimage"},"image":{"@id":"https:\/\/huntnfishusa.com\/shop\/shotgun-deerhunt-second-season\/#primaryimage"},"thumbnailUrl":"https:\/\/huntnfishusa.com\/wp-content\/uploads\/2020\/07\/deerhunting_product.jpg","datePublished":"2020-10-20T08:49:14+00:00","dateModified":"2020-11-25T07:00:32+00:00","breadcrumb":{"@id":"https:\/\/huntnfishusa.com\/shop\/shotgun-deerhunt-second-season\/#breadcrumb"},"inLanguage":"sv-SE","potentialAction":[{"@type":"ReadAction","target":["https:\/\/huntnfishusa.com\/shop\/shotgun-deerhunt-second-season\/"]}]},{"@type":"ImageObject","inLanguage":"sv-SE","@id":"https:\/\/huntnfishusa.com\/shop\/shotgun-deerhunt-second-season\/#primaryimage","url":"https:\/\/huntnfishusa.com\/wp-content\/uploads\/2020\/07\/deerhunting_product.jpg","contentUrl":"https:\/\/huntnfishusa.com\/wp-content\/uploads\/2020\/07\/deerhunting_product.jpg","width":640,"height":480},{"@type":"BreadcrumbList","@id":"https:\/\/huntnfishusa.com\/shop\/shotgun-deerhunt-second-season\/#breadcrumb","itemListElement":[{"@type":"ListItem","position":1,"name":"Hjem","item":"https:\/\/huntnfishusa.com\/"},{"@type":"ListItem","position":2,"name":"Tours","item":"https:\/\/huntnfishusa.com\/shop\/"},{"@type":"ListItem","position":3,"name":"Shotgun Deerhunt &#8211; Second Season"}]},{"@type":"WebSite","@id":"https:\/\/huntnfishusa.com\/#website","url":"https:\/\/huntnfishusa.com\/","name":"hunt &#039;n&#039; fish USA","description":"Jakt og fiskeri med pil og b\u00e5ge rejsar i Illinois USA","publisher":{"@id":"https:\/\/huntnfishusa.com\/#organization"},"potentialAction":[{"@type":"SearchAction","target":{"@type":"EntryPoint","urlTemplate":"https:\/\/huntnfishusa.com\/?s={search_term_string}"},"query-input":{"@type":"PropertyValueSpecification","valueRequired":true,"valueName":"search_term_string"}}],"inLanguage":"sv-SE"},{"@type":"Organization","@id":"https:\/\/huntnfishusa.com\/#organization","name":"Hunt 'n' Fish USA","url":"https:\/\/huntnfishusa.com\/","logo":{"@type":"ImageObject","inLanguage":"sv-SE","@id":"https:\/\/huntnfishusa.com\/#\/schema\/logo\/image\/","url":"https:\/\/huntnfishusa.com\/wp-content\/uploads\/2020\/07\/huntnfishlogo_regular.png","contentUrl":"https:\/\/huntnfishusa.com\/wp-content\/uploads\/2020\/07\/huntnfishlogo_regular.png","width":564,"height":134,"caption":"Hunt 'n' Fish USA"},"image":{"@id":"https:\/\/huntnfishusa.com\/#\/schema\/logo\/image\/"}}]}},"_links":{"self":[{"href":"https:\/\/huntnfishusa.com\/sv\/wp-json\/wp\/v2\/product\/2482","targetHints":{"allow":["GET"]}}],"collection":[{"href":"https:\/\/huntnfishusa.com\/sv\/wp-json\/wp\/v2\/product"}],"about":[{"href":"https:\/\/huntnfishusa.com\/sv\/wp-json\/wp\/v2\/types\/product"}],"version-history":[{"count":5,"href":"https:\/\/huntnfishusa.com\/sv\/wp-json\/wp\/v2\/product\/2482\/revisions"}],"predecessor-version":[{"id":3647,"href":"https:\/\/huntnfishusa.com\/sv\/wp-json\/wp\/v2\/product\/2482\/revisions\/3647"}],"wp:featuredmedia":[{"embeddable":true,"href":"https:\/\/huntnfishusa.com\/sv\/wp-json\/wp\/v2\/media\/1108"}],"wp:attachment":[{"href":"https:\/\/huntnfishusa.com\/sv\/wp-json\/wp\/v2\/media?parent=2482"}],"wp:term":[{"taxonomy":"product_brand","embeddable":true,"href":"https:\/\/huntnfishusa.com\/sv\/wp-json\/wp\/v2\/product_brand?post=2482"},{"taxonomy":"product_cat","embeddable":true,"href":"https:\/\/huntnfishusa.com\/sv\/wp-json\/wp\/v2\/product_cat?post=2482"},{"taxonomy":"product_tag","embeddable":true,"href":"https:\/\/huntnfishusa.com\/sv\/wp-json\/wp\/v2\/product_tag?post=2482"}],"curies":[{"name":"wp","href":"https:\/\/api.w.org\/{rel}","templated":true}]}}