{"id":2437,"date":"2020-10-19T09:16:50","date_gmt":"2020-10-19T09:16:50","guid":{"rendered":"https:\/\/huntnfishusa.com\/?post_type=product&#038;p=2437"},"modified":"2020-11-25T07:56:23","modified_gmt":"2020-11-25T07:56:23","slug":"archery-deerhunt-3-days-rut","status":"publish","type":"product","link":"https:\/\/huntnfishusa.com\/sv\/shop\/archery-deerhunt-3-days-rut\/","title":{"rendered":"Archery Deerhunt 3 Days &#8211; Rut"},"content":{"rendered":"<h3>Hjortjakt &#8211; B\u00e5gskytte 3 dagar &#8221;Rut&#8221;<\/h3>\n<p>Fr\u00e5n 4. November -17. November<\/p>\n<p><em><strong>Licenser och taggar ing\u00e5r inte.<\/strong><\/em><\/p>\n<p>Vi erbjuder en 3 dagars eller 5 dagars jakt. Vi jagar p\u00e5 1100 tunnland under b\u00e5gskytte i 3 l\u00e4n. Det \u00e4r en vacker terr\u00e4ng med b\u00f6ljande kullar med blandad jordbruksmark.<\/p>\n<p>Alla dina rack och kamoufalgenet levereras tillsammans med transport fram och tillbaka till jaktomr\u00e5det. Vi tillhandah\u00e5ller en guide f\u00f6r varannan kund.<\/p>\n<p>Vi hoppas att du kommer som kund och l\u00e4mnar oss som v\u00e4n.<\/p>\n<p>Ing\u00e5r i jakten \u00e4r:<\/p>\n<ul>\n<li>M\u00e5ltider<\/li>\n<li>Boende<\/li>\n<li>Transport fram och tillbaka till jaktomr\u00e5det<\/li>\n<li>M\u00f6jligheten att en guide sitter med dig p\u00e5 l\u00e4ktaren<\/li>\n<\/ul>\n<p><strong>Licensavgifter:<\/strong><br \/>\nUtl\u00e4ndsk person, 5 dagar ($ 35,75) + st\u00e4mpel ($ 5,00)<\/p>\n<p><strong>B\u00e5gskytteavgifter<\/strong>: $ 475,00<br \/>\n(J\u00e4gare bosatta utanf\u00f6r staten)<br \/>\nInkluderar jaktlicens, livsmilj\u00f6st\u00e4mpel och licens<\/p>\n<p>H\u00c4R G\u00d6R DU EN F\u00d6RFR\u00c5GAN:<\/p>\n<ol>\n<li>V\u00e4lj \u00f6nskat startdatum i kalendern<\/li>\n<li>Ange antalet personer som vill g\u00e5 p\u00e5 jakt<\/li>\n<li>Tryk p\u00e5 &#8221;Add to quote&#8221; visar den totala fr\u00e5gan<\/li>\n<li>H\u00e4mtning och avl\u00e4mning p\u00e5 flygplatsen \u00e4r tillg\u00e4nglig p\u00e5 beg\u00e4ran, den n\u00e4rmaste internationella flygplatsen finns i Nashville TN f\u00f6r en extra $ 150 per grupp. Du kan l\u00e4gga till det med hj\u00e4lp av &#8221;Pick-Up&#8221; -knappen p\u00e5 beg\u00e4ran-listan<\/li>\n<li>N\u00e4r allt ser r\u00e4tt ut enligt dina \u00f6nskem\u00e5l skicka beg\u00e4ran ved at trykke p\u00e4 &#8221;Send quote request&#8221;, s\u00e5 \u00e5terkommer vi till dig s\u00e5 snart som m\u00f6jligt<\/li>\n<\/ol>\n","protected":false},"excerpt":{"rendered":"<p>Hjortjakt &#8211; B\u00e5gskytte 3 dagar &#8221;Rut&#8221; Fr\u00e5n 4. November -17. November Licenser och taggar ing\u00e5r inte. Vi erbjuder en 3 dagars eller 5 dagars jakt. Vi jagar p\u00e5 1100 tunnland under b\u00e5gskytte i 3 l\u00e4n. Det \u00e4r en vacker terr\u00e4ng [&hellip;]<\/p>\n","protected":false},"featured_media":4580,"template":"","meta":[],"product_brand":[],"product_cat":[108,33],"product_tag":[89],"class_list":{"0":"post-2437","1":"product","2":"type-product","3":"status-publish","4":"has-post-thumbnail","6":"product_cat-deerhunting-bow","7":"product_cat-hjortjakt","8":"product_tag-bowhunt","9":"clearfix","11":"first","12":"instock","13":"virtual","14":"purchasable","15":"product-type-simple"},"translation":{"provider":"WPGlobus","version":"3.0.2","language":"sv","enabled_languages":["da","en","de","sv"],"languages":{"da":{"title":true,"content":true,"excerpt":false},"en":{"title":false,"content":true,"excerpt":false},"de":{"title":false,"content":true,"excerpt":false},"sv":{"title":false,"content":true,"excerpt":false}}},"yoast_head":"<!-- This site is optimized with the Yoast SEO plugin v27.0 - https:\/\/yoast.com\/product\/yoast-seo-wordpress\/ -->\n<title>Archery Deerhunt 3 Days - Rut - hunt &#039;n&#039; fish USA<\/title>\n<meta name=\"robots\" content=\"index, follow, max-snippet:-1, max-image-preview:large, max-video-preview:-1\" \/>\n<link rel=\"canonical\" href=\"https:\/\/huntnfishusa.com\/sv\/shop\/archery-deerhunt-3-days-rut\/\" \/>\n<meta property=\"og:locale\" content=\"sv_SE\" \/>\n<meta property=\"og:type\" content=\"article\" \/>\n<meta property=\"og:title\" content=\"Archery Deerhunt 3 Days - Rut - hunt &#039;n&#039; fish USA\" \/>\n<meta property=\"og:url\" content=\"https:\/\/huntnfishusa.com\/sv\/shop\/archery-deerhunt-3-days-rut\/\" \/>\n<meta property=\"og:site_name\" content=\"hunt &#039;n&#039; fish USA\" \/>\n<meta property=\"article:modified_time\" content=\"2020-11-25T07:56:23+00:00\" \/>\n<meta property=\"og:image\" content=\"https:\/\/huntnfishusa.com\/wp-content\/uploads\/2020\/11\/deerhunting-bow-3days-600.jpg\" \/>\n\t<meta property=\"og:image:width\" content=\"600\" \/>\n\t<meta property=\"og:image:height\" content=\"600\" \/>\n\t<meta property=\"og:image:type\" content=\"image\/jpeg\" \/>\n<meta name=\"twitter:card\" content=\"summary_large_image\" \/>\n<script type=\"application\/ld+json\" class=\"yoast-schema-graph\">{\"@context\":\"https:\/\/schema.org\",\"@graph\":[{\"@type\":\"WebPage\",\"@id\":\"https:\/\/huntnfishusa.com\/sv\/shop\/archery-deerhunt-3-days-rut\/\",\"url\":\"https:\/\/huntnfishusa.com\/sv\/shop\/archery-deerhunt-3-days-rut\/\",\"name\":\"Archery Deerhunt 3 Days - Rut - hunt &#039;n&#039; fish USA\",\"isPartOf\":{\"@id\":\"https:\/\/huntnfishusa.com\/#website\"},\"primaryImageOfPage\":{\"@id\":\"https:\/\/huntnfishusa.com\/sv\/shop\/archery-deerhunt-3-days-rut\/#primaryimage\"},\"image\":{\"@id\":\"https:\/\/huntnfishusa.com\/sv\/shop\/archery-deerhunt-3-days-rut\/#primaryimage\"},\"thumbnailUrl\":\"https:\/\/huntnfishusa.com\/wp-content\/uploads\/2020\/11\/deerhunting-bow-3days-600.jpg\",\"datePublished\":\"2020-10-19T09:16:50+00:00\",\"dateModified\":\"2020-11-25T07:56:23+00:00\",\"breadcrumb\":{\"@id\":\"https:\/\/huntnfishusa.com\/sv\/shop\/archery-deerhunt-3-days-rut\/#breadcrumb\"},\"inLanguage\":\"sv-SE\",\"potentialAction\":[{\"@type\":\"ReadAction\",\"target\":[\"https:\/\/huntnfishusa.com\/sv\/shop\/archery-deerhunt-3-days-rut\/\"]}]},{\"@type\":\"ImageObject\",\"inLanguage\":\"sv-SE\",\"@id\":\"https:\/\/huntnfishusa.com\/sv\/shop\/archery-deerhunt-3-days-rut\/#primaryimage\",\"url\":\"https:\/\/huntnfishusa.com\/wp-content\/uploads\/2020\/11\/deerhunting-bow-3days-600.jpg\",\"contentUrl\":\"https:\/\/huntnfishusa.com\/wp-content\/uploads\/2020\/11\/deerhunting-bow-3days-600.jpg\",\"width\":600,\"height\":600},{\"@type\":\"BreadcrumbList\",\"@id\":\"https:\/\/huntnfishusa.com\/sv\/shop\/archery-deerhunt-3-days-rut\/#breadcrumb\",\"itemListElement\":[{\"@type\":\"ListItem\",\"position\":1,\"name\":\"Hjem\",\"item\":\"https:\/\/huntnfishusa.com\/\"},{\"@type\":\"ListItem\",\"position\":2,\"name\":\"Tours\",\"item\":\"https:\/\/huntnfishusa.com\/shop\/\"},{\"@type\":\"ListItem\",\"position\":3,\"name\":\"Archery Deerhunt 3 Days &#8211; Rut\"}]},{\"@type\":\"WebSite\",\"@id\":\"https:\/\/huntnfishusa.com\/#website\",\"url\":\"https:\/\/huntnfishusa.com\/\",\"name\":\"hunt &#039;n&#039; fish USA\",\"description\":\"Jakt og fiskeri med pil og b\u00e5ge rejsar i Illinois USA\",\"publisher\":{\"@id\":\"https:\/\/huntnfishusa.com\/#organization\"},\"potentialAction\":[{\"@type\":\"SearchAction\",\"target\":{\"@type\":\"EntryPoint\",\"urlTemplate\":\"https:\/\/huntnfishusa.com\/?s={search_term_string}\"},\"query-input\":{\"@type\":\"PropertyValueSpecification\",\"valueRequired\":true,\"valueName\":\"search_term_string\"}}],\"inLanguage\":\"sv-SE\"},{\"@type\":\"Organization\",\"@id\":\"https:\/\/huntnfishusa.com\/#organization\",\"name\":\"Hunt 'n' Fish USA\",\"url\":\"https:\/\/huntnfishusa.com\/\",\"logo\":{\"@type\":\"ImageObject\",\"inLanguage\":\"sv-SE\",\"@id\":\"https:\/\/huntnfishusa.com\/#\/schema\/logo\/image\/\",\"url\":\"https:\/\/huntnfishusa.com\/wp-content\/uploads\/2020\/07\/huntnfishlogo_regular.png\",\"contentUrl\":\"https:\/\/huntnfishusa.com\/wp-content\/uploads\/2020\/07\/huntnfishlogo_regular.png\",\"width\":564,\"height\":134,\"caption\":\"Hunt 'n' Fish USA\"},\"image\":{\"@id\":\"https:\/\/huntnfishusa.com\/#\/schema\/logo\/image\/\"}}]}<\/script>\n<!-- \/ Yoast SEO plugin. -->","yoast_head_json":{"title":"Archery Deerhunt 3 Days - Rut - hunt &#039;n&#039; fish USA","robots":{"index":"index","follow":"follow","max-snippet":"max-snippet:-1","max-image-preview":"max-image-preview:large","max-video-preview":"max-video-preview:-1"},"canonical":"https:\/\/huntnfishusa.com\/sv\/shop\/archery-deerhunt-3-days-rut\/","og_locale":"sv_SE","og_type":"article","og_title":"Archery Deerhunt 3 Days - Rut - hunt &#039;n&#039; fish USA","og_url":"https:\/\/huntnfishusa.com\/sv\/shop\/archery-deerhunt-3-days-rut\/","og_site_name":"hunt &#039;n&#039; fish USA","article_modified_time":"2020-11-25T07:56:23+00:00","og_image":[{"width":600,"height":600,"url":"https:\/\/huntnfishusa.com\/wp-content\/uploads\/2020\/11\/deerhunting-bow-3days-600.jpg","type":"image\/jpeg"}],"twitter_card":"summary_large_image","schema":{"@context":"https:\/\/schema.org","@graph":[{"@type":"WebPage","@id":"https:\/\/huntnfishusa.com\/sv\/shop\/archery-deerhunt-3-days-rut\/","url":"https:\/\/huntnfishusa.com\/sv\/shop\/archery-deerhunt-3-days-rut\/","name":"Archery Deerhunt 3 Days - Rut - hunt &#039;n&#039; fish USA","isPartOf":{"@id":"https:\/\/huntnfishusa.com\/#website"},"primaryImageOfPage":{"@id":"https:\/\/huntnfishusa.com\/sv\/shop\/archery-deerhunt-3-days-rut\/#primaryimage"},"image":{"@id":"https:\/\/huntnfishusa.com\/sv\/shop\/archery-deerhunt-3-days-rut\/#primaryimage"},"thumbnailUrl":"https:\/\/huntnfishusa.com\/wp-content\/uploads\/2020\/11\/deerhunting-bow-3days-600.jpg","datePublished":"2020-10-19T09:16:50+00:00","dateModified":"2020-11-25T07:56:23+00:00","breadcrumb":{"@id":"https:\/\/huntnfishusa.com\/sv\/shop\/archery-deerhunt-3-days-rut\/#breadcrumb"},"inLanguage":"sv-SE","potentialAction":[{"@type":"ReadAction","target":["https:\/\/huntnfishusa.com\/sv\/shop\/archery-deerhunt-3-days-rut\/"]}]},{"@type":"ImageObject","inLanguage":"sv-SE","@id":"https:\/\/huntnfishusa.com\/sv\/shop\/archery-deerhunt-3-days-rut\/#primaryimage","url":"https:\/\/huntnfishusa.com\/wp-content\/uploads\/2020\/11\/deerhunting-bow-3days-600.jpg","contentUrl":"https:\/\/huntnfishusa.com\/wp-content\/uploads\/2020\/11\/deerhunting-bow-3days-600.jpg","width":600,"height":600},{"@type":"BreadcrumbList","@id":"https:\/\/huntnfishusa.com\/sv\/shop\/archery-deerhunt-3-days-rut\/#breadcrumb","itemListElement":[{"@type":"ListItem","position":1,"name":"Hjem","item":"https:\/\/huntnfishusa.com\/"},{"@type":"ListItem","position":2,"name":"Tours","item":"https:\/\/huntnfishusa.com\/shop\/"},{"@type":"ListItem","position":3,"name":"Archery Deerhunt 3 Days &#8211; Rut"}]},{"@type":"WebSite","@id":"https:\/\/huntnfishusa.com\/#website","url":"https:\/\/huntnfishusa.com\/","name":"hunt &#039;n&#039; fish USA","description":"Jakt og fiskeri med pil og b\u00e5ge rejsar i Illinois USA","publisher":{"@id":"https:\/\/huntnfishusa.com\/#organization"},"potentialAction":[{"@type":"SearchAction","target":{"@type":"EntryPoint","urlTemplate":"https:\/\/huntnfishusa.com\/?s={search_term_string}"},"query-input":{"@type":"PropertyValueSpecification","valueRequired":true,"valueName":"search_term_string"}}],"inLanguage":"sv-SE"},{"@type":"Organization","@id":"https:\/\/huntnfishusa.com\/#organization","name":"Hunt 'n' Fish USA","url":"https:\/\/huntnfishusa.com\/","logo":{"@type":"ImageObject","inLanguage":"sv-SE","@id":"https:\/\/huntnfishusa.com\/#\/schema\/logo\/image\/","url":"https:\/\/huntnfishusa.com\/wp-content\/uploads\/2020\/07\/huntnfishlogo_regular.png","contentUrl":"https:\/\/huntnfishusa.com\/wp-content\/uploads\/2020\/07\/huntnfishlogo_regular.png","width":564,"height":134,"caption":"Hunt 'n' Fish USA"},"image":{"@id":"https:\/\/huntnfishusa.com\/#\/schema\/logo\/image\/"}}]}},"_links":{"self":[{"href":"https:\/\/huntnfishusa.com\/sv\/wp-json\/wp\/v2\/product\/2437","targetHints":{"allow":["GET"]}}],"collection":[{"href":"https:\/\/huntnfishusa.com\/sv\/wp-json\/wp\/v2\/product"}],"about":[{"href":"https:\/\/huntnfishusa.com\/sv\/wp-json\/wp\/v2\/types\/product"}],"version-history":[{"count":5,"href":"https:\/\/huntnfishusa.com\/sv\/wp-json\/wp\/v2\/product\/2437\/revisions"}],"predecessor-version":[{"id":3218,"href":"https:\/\/huntnfishusa.com\/sv\/wp-json\/wp\/v2\/product\/2437\/revisions\/3218"}],"wp:featuredmedia":[{"embeddable":true,"href":"https:\/\/huntnfishusa.com\/sv\/wp-json\/wp\/v2\/media\/4580"}],"wp:attachment":[{"href":"https:\/\/huntnfishusa.com\/sv\/wp-json\/wp\/v2\/media?parent=2437"}],"wp:term":[{"taxonomy":"product_brand","embeddable":true,"href":"https:\/\/huntnfishusa.com\/sv\/wp-json\/wp\/v2\/product_brand?post=2437"},{"taxonomy":"product_cat","embeddable":true,"href":"https:\/\/huntnfishusa.com\/sv\/wp-json\/wp\/v2\/product_cat?post=2437"},{"taxonomy":"product_tag","embeddable":true,"href":"https:\/\/huntnfishusa.com\/sv\/wp-json\/wp\/v2\/product_tag?post=2437"}],"curies":[{"name":"wp","href":"https:\/\/api.w.org\/{rel}","templated":true}]}}