{"id":2399,"date":"2020-10-19T07:48:45","date_gmt":"2020-10-19T07:48:45","guid":{"rendered":"https:\/\/huntnfishusa.com\/?post_type=product&#038;p=2399"},"modified":"2020-11-25T08:40:57","modified_gmt":"2020-11-25T08:40:57","slug":"family-fishing","status":"publish","type":"product","link":"https:\/\/huntnfishusa.com\/sv\/shop\/family-fishing\/","title":{"rendered":"Family Fishing 1\/2 day"},"content":{"rendered":"<h3>Familje fiskeri &#8211; 1\/2 dag<\/h3>\n<p>Fr\u00e5n 1. Juni till 1. September<\/p>\n<p><strong>Ohio River eller en inre sj\u00f6 &#8211; <\/strong>Upp till 4 personer<\/p>\n<p>Ta med familjen p\u00e5 en halv dag fisketur p\u00e5 floden ohio och bifloderna i Illinois. Njut av landskapet och f\u00e5nga n\u00e5gra fiskar i processen. Alla betest\u00e4nger och rullar kommer att tillhandah\u00e5llas.<\/p>\n<p><em>F\u00f6r dem \u00f6ver 16 \u00e5r kr\u00e4vs fiskelicens och s\u00e4ljs separat<\/em><\/p>\n<p>H\u00c4R G\u00d6R DU EN F\u00d6RFR\u00c5GAN:<\/p>\n<ol>\n<li>V\u00e4lj \u00f6nskat startdatum i kalendern<\/li>\n<li>Tryk p\u00e5 \u201cAdd to quote\u201d visar den totala fr\u00e5gan<\/li>\n<li>H\u00e4mtning och avl\u00e4mning p\u00e5 flygplatsen \u00e4r tillg\u00e4nglig p\u00e5 beg\u00e4ran, den n\u00e4rmaste internationella flygplatsen finns i Nashville TN f\u00f6r en extra $ 150 per grupp. Du kan l\u00e4gga till det med hj\u00e4lp av \u201cPick-Up\u201d -knappen p\u00e5 beg\u00e4ran-listan<\/li>\n<li>N\u00e4r allt ser r\u00e4tt ut enligt dina \u00f6nskem\u00e5l skicka beg\u00e4ran ved at trykke p\u00e4 \u201cSend quote request\u201d, s\u00e5 \u00e5terkommer vi till dig s\u00e5 snart som m\u00f6jligt<\/li>\n<\/ol>\n","protected":false},"excerpt":{"rendered":"<p>Familje fiskeri &#8211; 1\/2 dag Fr\u00e5n 1. Juni till 1. September Ohio River eller en inre sj\u00f6 &#8211; Upp till 4 personer Ta med familjen p\u00e5 en halv dag fisketur p\u00e5 floden ohio och bifloderna i Illinois. Njut av landskapet [&hellip;]<\/p>\n","protected":false},"featured_media":4467,"template":"","meta":[],"product_brand":[],"product_cat":[61],"product_tag":[],"class_list":{"0":"post-2399","1":"product","2":"type-product","3":"status-publish","4":"has-post-thumbnail","6":"product_cat-familyfishing","7":"clearfix","9":"first","10":"instock","11":"sold-individually","12":"shipping-taxable","13":"purchasable","14":"product-type-simple"},"translation":{"provider":"WPGlobus","version":"3.0.2","language":"sv","enabled_languages":["da","en","de","sv"],"languages":{"da":{"title":true,"content":true,"excerpt":false},"en":{"title":false,"content":true,"excerpt":false},"de":{"title":false,"content":true,"excerpt":false},"sv":{"title":false,"content":true,"excerpt":false}}},"yoast_head":"<!-- This site is optimized with the Yoast SEO plugin v27.0 - https:\/\/yoast.com\/product\/yoast-seo-wordpress\/ -->\n<title>Family Fishing 1\/2 day - hunt &#039;n&#039; fish USA<\/title>\n<meta name=\"robots\" content=\"index, follow, max-snippet:-1, max-image-preview:large, max-video-preview:-1\" \/>\n<link rel=\"canonical\" href=\"https:\/\/huntnfishusa.com\/de\/shop\/family-fishing\/\" \/>\n<meta property=\"og:locale\" content=\"sv_SE\" \/>\n<meta property=\"og:type\" content=\"article\" \/>\n<meta property=\"og:title\" content=\"Family Fishing 1\/2 day - hunt &#039;n&#039; fish USA\" \/>\n<meta property=\"og:url\" content=\"https:\/\/huntnfishusa.com\/de\/shop\/family-fishing\/\" \/>\n<meta property=\"og:site_name\" content=\"hunt &#039;n&#039; fish USA\" \/>\n<meta property=\"article:modified_time\" content=\"2020-11-25T08:40:57+00:00\" \/>\n<meta property=\"og:image\" content=\"https:\/\/huntnfishusa.com\/wp-content\/uploads\/2020\/11\/familyfishing-600.jpg\" \/>\n\t<meta property=\"og:image:width\" content=\"600\" \/>\n\t<meta property=\"og:image:height\" content=\"600\" \/>\n\t<meta property=\"og:image:type\" content=\"image\/jpeg\" \/>\n<meta name=\"twitter:card\" content=\"summary_large_image\" \/>\n<script type=\"application\/ld+json\" class=\"yoast-schema-graph\">{\"@context\":\"https:\/\/schema.org\",\"@graph\":[{\"@type\":\"WebPage\",\"@id\":\"https:\/\/huntnfishusa.com\/de\/shop\/family-fishing\/\",\"url\":\"https:\/\/huntnfishusa.com\/de\/shop\/family-fishing\/\",\"name\":\"Family Fishing 1\/2 day - hunt &#039;n&#039; fish USA\",\"isPartOf\":{\"@id\":\"https:\/\/huntnfishusa.com\/#website\"},\"primaryImageOfPage\":{\"@id\":\"https:\/\/huntnfishusa.com\/de\/shop\/family-fishing\/#primaryimage\"},\"image\":{\"@id\":\"https:\/\/huntnfishusa.com\/de\/shop\/family-fishing\/#primaryimage\"},\"thumbnailUrl\":\"https:\/\/huntnfishusa.com\/wp-content\/uploads\/2020\/11\/familyfishing-600.jpg\",\"datePublished\":\"2020-10-19T07:48:45+00:00\",\"dateModified\":\"2020-11-25T08:40:57+00:00\",\"breadcrumb\":{\"@id\":\"https:\/\/huntnfishusa.com\/de\/shop\/family-fishing\/#breadcrumb\"},\"inLanguage\":\"sv-SE\",\"potentialAction\":[{\"@type\":\"ReadAction\",\"target\":[\"https:\/\/huntnfishusa.com\/de\/shop\/family-fishing\/\"]}]},{\"@type\":\"ImageObject\",\"inLanguage\":\"sv-SE\",\"@id\":\"https:\/\/huntnfishusa.com\/de\/shop\/family-fishing\/#primaryimage\",\"url\":\"https:\/\/huntnfishusa.com\/wp-content\/uploads\/2020\/11\/familyfishing-600.jpg\",\"contentUrl\":\"https:\/\/huntnfishusa.com\/wp-content\/uploads\/2020\/11\/familyfishing-600.jpg\",\"width\":600,\"height\":600},{\"@type\":\"BreadcrumbList\",\"@id\":\"https:\/\/huntnfishusa.com\/de\/shop\/family-fishing\/#breadcrumb\",\"itemListElement\":[{\"@type\":\"ListItem\",\"position\":1,\"name\":\"Hjem\",\"item\":\"https:\/\/huntnfishusa.com\/\"},{\"@type\":\"ListItem\",\"position\":2,\"name\":\"Tours\",\"item\":\"https:\/\/huntnfishusa.com\/shop\/\"},{\"@type\":\"ListItem\",\"position\":3,\"name\":\"Family Fishing 1\/2 day\"}]},{\"@type\":\"WebSite\",\"@id\":\"https:\/\/huntnfishusa.com\/#website\",\"url\":\"https:\/\/huntnfishusa.com\/\",\"name\":\"hunt &#039;n&#039; fish USA\",\"description\":\"Jakt og fiskeri med pil og b\u00e5ge rejsar i Illinois USA\",\"publisher\":{\"@id\":\"https:\/\/huntnfishusa.com\/#organization\"},\"potentialAction\":[{\"@type\":\"SearchAction\",\"target\":{\"@type\":\"EntryPoint\",\"urlTemplate\":\"https:\/\/huntnfishusa.com\/?s={search_term_string}\"},\"query-input\":{\"@type\":\"PropertyValueSpecification\",\"valueRequired\":true,\"valueName\":\"search_term_string\"}}],\"inLanguage\":\"sv-SE\"},{\"@type\":\"Organization\",\"@id\":\"https:\/\/huntnfishusa.com\/#organization\",\"name\":\"Hunt 'n' Fish USA\",\"url\":\"https:\/\/huntnfishusa.com\/\",\"logo\":{\"@type\":\"ImageObject\",\"inLanguage\":\"sv-SE\",\"@id\":\"https:\/\/huntnfishusa.com\/#\/schema\/logo\/image\/\",\"url\":\"https:\/\/huntnfishusa.com\/wp-content\/uploads\/2020\/07\/huntnfishlogo_regular.png\",\"contentUrl\":\"https:\/\/huntnfishusa.com\/wp-content\/uploads\/2020\/07\/huntnfishlogo_regular.png\",\"width\":564,\"height\":134,\"caption\":\"Hunt 'n' Fish USA\"},\"image\":{\"@id\":\"https:\/\/huntnfishusa.com\/#\/schema\/logo\/image\/\"}}]}<\/script>\n<!-- \/ Yoast SEO plugin. -->","yoast_head_json":{"title":"Family Fishing 1\/2 day - hunt &#039;n&#039; fish USA","robots":{"index":"index","follow":"follow","max-snippet":"max-snippet:-1","max-image-preview":"max-image-preview:large","max-video-preview":"max-video-preview:-1"},"canonical":"https:\/\/huntnfishusa.com\/de\/shop\/family-fishing\/","og_locale":"sv_SE","og_type":"article","og_title":"Family Fishing 1\/2 day - hunt &#039;n&#039; fish USA","og_url":"https:\/\/huntnfishusa.com\/de\/shop\/family-fishing\/","og_site_name":"hunt &#039;n&#039; fish USA","article_modified_time":"2020-11-25T08:40:57+00:00","og_image":[{"width":600,"height":600,"url":"https:\/\/huntnfishusa.com\/wp-content\/uploads\/2020\/11\/familyfishing-600.jpg","type":"image\/jpeg"}],"twitter_card":"summary_large_image","schema":{"@context":"https:\/\/schema.org","@graph":[{"@type":"WebPage","@id":"https:\/\/huntnfishusa.com\/de\/shop\/family-fishing\/","url":"https:\/\/huntnfishusa.com\/de\/shop\/family-fishing\/","name":"Family Fishing 1\/2 day - hunt &#039;n&#039; fish USA","isPartOf":{"@id":"https:\/\/huntnfishusa.com\/#website"},"primaryImageOfPage":{"@id":"https:\/\/huntnfishusa.com\/de\/shop\/family-fishing\/#primaryimage"},"image":{"@id":"https:\/\/huntnfishusa.com\/de\/shop\/family-fishing\/#primaryimage"},"thumbnailUrl":"https:\/\/huntnfishusa.com\/wp-content\/uploads\/2020\/11\/familyfishing-600.jpg","datePublished":"2020-10-19T07:48:45+00:00","dateModified":"2020-11-25T08:40:57+00:00","breadcrumb":{"@id":"https:\/\/huntnfishusa.com\/de\/shop\/family-fishing\/#breadcrumb"},"inLanguage":"sv-SE","potentialAction":[{"@type":"ReadAction","target":["https:\/\/huntnfishusa.com\/de\/shop\/family-fishing\/"]}]},{"@type":"ImageObject","inLanguage":"sv-SE","@id":"https:\/\/huntnfishusa.com\/de\/shop\/family-fishing\/#primaryimage","url":"https:\/\/huntnfishusa.com\/wp-content\/uploads\/2020\/11\/familyfishing-600.jpg","contentUrl":"https:\/\/huntnfishusa.com\/wp-content\/uploads\/2020\/11\/familyfishing-600.jpg","width":600,"height":600},{"@type":"BreadcrumbList","@id":"https:\/\/huntnfishusa.com\/de\/shop\/family-fishing\/#breadcrumb","itemListElement":[{"@type":"ListItem","position":1,"name":"Hjem","item":"https:\/\/huntnfishusa.com\/"},{"@type":"ListItem","position":2,"name":"Tours","item":"https:\/\/huntnfishusa.com\/shop\/"},{"@type":"ListItem","position":3,"name":"Family Fishing 1\/2 day"}]},{"@type":"WebSite","@id":"https:\/\/huntnfishusa.com\/#website","url":"https:\/\/huntnfishusa.com\/","name":"hunt &#039;n&#039; fish USA","description":"Jakt og fiskeri med pil og b\u00e5ge rejsar i Illinois USA","publisher":{"@id":"https:\/\/huntnfishusa.com\/#organization"},"potentialAction":[{"@type":"SearchAction","target":{"@type":"EntryPoint","urlTemplate":"https:\/\/huntnfishusa.com\/?s={search_term_string}"},"query-input":{"@type":"PropertyValueSpecification","valueRequired":true,"valueName":"search_term_string"}}],"inLanguage":"sv-SE"},{"@type":"Organization","@id":"https:\/\/huntnfishusa.com\/#organization","name":"Hunt 'n' Fish USA","url":"https:\/\/huntnfishusa.com\/","logo":{"@type":"ImageObject","inLanguage":"sv-SE","@id":"https:\/\/huntnfishusa.com\/#\/schema\/logo\/image\/","url":"https:\/\/huntnfishusa.com\/wp-content\/uploads\/2020\/07\/huntnfishlogo_regular.png","contentUrl":"https:\/\/huntnfishusa.com\/wp-content\/uploads\/2020\/07\/huntnfishlogo_regular.png","width":564,"height":134,"caption":"Hunt 'n' Fish USA"},"image":{"@id":"https:\/\/huntnfishusa.com\/#\/schema\/logo\/image\/"}}]}},"_links":{"self":[{"href":"https:\/\/huntnfishusa.com\/sv\/wp-json\/wp\/v2\/product\/2399","targetHints":{"allow":["GET"]}}],"collection":[{"href":"https:\/\/huntnfishusa.com\/sv\/wp-json\/wp\/v2\/product"}],"about":[{"href":"https:\/\/huntnfishusa.com\/sv\/wp-json\/wp\/v2\/types\/product"}],"version-history":[{"count":5,"href":"https:\/\/huntnfishusa.com\/sv\/wp-json\/wp\/v2\/product\/2399\/revisions"}],"predecessor-version":[{"id":3186,"href":"https:\/\/huntnfishusa.com\/sv\/wp-json\/wp\/v2\/product\/2399\/revisions\/3186"}],"wp:featuredmedia":[{"embeddable":true,"href":"https:\/\/huntnfishusa.com\/sv\/wp-json\/wp\/v2\/media\/4467"}],"wp:attachment":[{"href":"https:\/\/huntnfishusa.com\/sv\/wp-json\/wp\/v2\/media?parent=2399"}],"wp:term":[{"taxonomy":"product_brand","embeddable":true,"href":"https:\/\/huntnfishusa.com\/sv\/wp-json\/wp\/v2\/product_brand?post=2399"},{"taxonomy":"product_cat","embeddable":true,"href":"https:\/\/huntnfishusa.com\/sv\/wp-json\/wp\/v2\/product_cat?post=2399"},{"taxonomy":"product_tag","embeddable":true,"href":"https:\/\/huntnfishusa.com\/sv\/wp-json\/wp\/v2\/product_tag?post=2399"}],"curies":[{"name":"wp","href":"https:\/\/api.w.org\/{rel}","templated":true}]}}