{"id":2482,"date":"2020-10-20T08:49:14","date_gmt":"2020-10-20T08:49:14","guid":{"rendered":"https:\/\/huntnfishusa.com\/?post_type=product&#038;p=2482"},"modified":"2020-11-25T07:00:32","modified_gmt":"2020-11-25T07:00:32","slug":"shotgun-deerhunt-second-season","status":"publish","type":"product","link":"https:\/\/huntnfishusa.com\/de\/shop\/shotgun-deerhunt-second-season\/","title":{"rendered":"Shotgun Deerhunt &#8211; Second Season"},"content":{"rendered":"<h3>Hirschjagd mit Schrotflinte &#8211; &#8222;Second Season&#8220;<\/h3>\n<p>Vom 2. Dezember &#8211; 5. Dezember 2021<\/p>\n<p>Es gibt Jagden, bei denen die Anzahl der interessierten J\u00e4ger die verf\u00fcgbaren Tiere \u00fcbersteigt. In diesen F\u00e4llen verwendet Illinois eine zuf\u00e4llige Lotterie, um die begrenzte Anzahl von Jagdgenehmigungen zu verteilen.<\/p>\n<p>Jeder Bewerber ist registriert und die Namen werden nach dem Zufallsprinzip ausgew\u00e4hlt.<\/p>\n<p>Das hei\u00dft, Sie m\u00fcssen sich online bewerben, um Ihren Jagdschein zu erhalten. Preise und Ziehungsdaten finden Sie unter www.Idnr.com unter der Registerkarte &#8222;Deerhunting&#8220;.<\/p>\n<p>Dies ist ein landesspezifisches Jagdzeichen. Dies bedeutet, dass Sie nur in dem Landkreis jagen k\u00f6nnen, f\u00fcr den Sie eingestellt sind.<\/p>\n<p><strong>Die Preise gelten f\u00fcr die gesamte Saison &#8211; dh 4 Tage<\/strong><\/p>\n<p><strong>In der Jagd enthalten sind:<\/strong><\/p>\n<ul>\n<li>Mahlzeiten<\/li>\n<li>Unterkunft<\/li>\n<li>Hin und her zum Jagdgebiet<\/li>\n<li>Die M\u00f6glichkeit, dass ein F\u00fchrer mit Ihnen auf der Trib\u00fcne sitzt<\/li>\n<\/ul>\n<p><em>Lizenzen und Jagdschein sind nicht enthalten.<\/em><\/p>\n<p>Lizenzgeb\u00fchren:<br \/>\nNichtans\u00e4ssiger, 5 Tage (35,75 USD) + Stempel (5,00 USD)<\/p>\n<p>SO ERSTELLEN SIE EINE ANGEBOTSANFRAGE:<\/p>\n<ol>\n<li>W\u00e4hlen Sie die Anzahl der Personen ein, die auf die Jagd gehen m\u00f6chten<\/li>\n<li>Zum &#8222;Add to quote&#8220; hinzuf\u00fcgen, das Ihnen die gesamte Abfrage anzeigt<\/li>\n<li>Die Abholung und R\u00fcckgabe vom Flughafen ist auf Anfrage m\u00f6glich. Der n\u00e4chstgelegene internationale Flughafen befindet sich in Nashville, TN, f\u00fcr eine zus\u00e4tzliche Gruppe von 150 USD pro Person. Sie k\u00f6nnen dies \u00fcber die Schaltfl\u00e4che &#8222;Pick-Up&#8220; in der Anforderungsliste hinzuf\u00fcgen<\/li>\n<li>Wenn nach Ihren W\u00fcnschen alles richtig aussieht, senden Sie die Anfrage mit &#8222;Send quote request&#8220;,und wir werden uns so schnell wie m\u00f6glich bei Ihnen melden<\/li>\n<\/ol>\n","protected":false},"excerpt":{"rendered":"<p>Hirschjagd mit Schrotflinte &#8211; &#8222;Second Season&#8220; Vom 2. Dezember &#8211; 5. Dezember 2021 Es gibt Jagden, bei denen die Anzahl der interessierten J\u00e4ger die verf\u00fcgbaren Tiere \u00fcbersteigt. In diesen F\u00e4llen verwendet Illinois eine zuf\u00e4llige Lotterie, um die begrenzte Anzahl von [&hellip;]<\/p>\n","protected":false},"featured_media":1108,"template":"","meta":[],"product_brand":[],"product_cat":[109,33],"product_tag":[],"class_list":{"0":"post-2482","1":"product","2":"type-product","3":"status-publish","4":"has-post-thumbnail","6":"product_cat-deerhunting-gun","7":"product_cat-hjortjakt","8":"clearfix","10":"first","11":"instock","12":"shipping-taxable","13":"purchasable","14":"product-type-simple"},"translation":{"provider":"WPGlobus","version":"3.0.2","language":"de","enabled_languages":["da","en","de","sv"],"languages":{"da":{"title":true,"content":true,"excerpt":false},"en":{"title":false,"content":true,"excerpt":false},"de":{"title":false,"content":true,"excerpt":false},"sv":{"title":false,"content":true,"excerpt":false}}},"yoast_head":"<!-- This site is optimized with the Yoast SEO plugin v27.0 - https:\/\/yoast.com\/product\/yoast-seo-wordpress\/ -->\n<title>Shotgun Deerhunt - Second Season - hunt &#039;n&#039; fish USA<\/title>\n<meta name=\"robots\" content=\"index, follow, max-snippet:-1, max-image-preview:large, max-video-preview:-1\" \/>\n<link rel=\"canonical\" href=\"https:\/\/huntnfishusa.com\/shop\/shotgun-deerhunt-second-season\/\" \/>\n<meta property=\"og:locale\" content=\"de_DE\" \/>\n<meta property=\"og:type\" content=\"article\" \/>\n<meta property=\"og:title\" content=\"Shotgun Deerhunt - Second Season - hunt &#039;n&#039; fish USA\" \/>\n<meta property=\"og:url\" content=\"https:\/\/huntnfishusa.com\/shop\/shotgun-deerhunt-second-season\/\" \/>\n<meta property=\"og:site_name\" content=\"hunt &#039;n&#039; fish USA\" \/>\n<meta property=\"article:modified_time\" content=\"2020-11-25T07:00:32+00:00\" \/>\n<meta property=\"og:image\" content=\"https:\/\/huntnfishusa.com\/wp-content\/uploads\/2020\/07\/deerhunting_product.jpg\" \/>\n\t<meta property=\"og:image:width\" content=\"640\" \/>\n\t<meta property=\"og:image:height\" content=\"480\" \/>\n\t<meta property=\"og:image:type\" content=\"image\/jpeg\" \/>\n<meta name=\"twitter:card\" content=\"summary_large_image\" \/>\n<script type=\"application\/ld+json\" class=\"yoast-schema-graph\">{\"@context\":\"https:\/\/schema.org\",\"@graph\":[{\"@type\":\"WebPage\",\"@id\":\"https:\/\/huntnfishusa.com\/shop\/shotgun-deerhunt-second-season\/\",\"url\":\"https:\/\/huntnfishusa.com\/shop\/shotgun-deerhunt-second-season\/\",\"name\":\"Shotgun Deerhunt - Second Season - hunt &#039;n&#039; fish USA\",\"isPartOf\":{\"@id\":\"https:\/\/huntnfishusa.com\/#website\"},\"primaryImageOfPage\":{\"@id\":\"https:\/\/huntnfishusa.com\/shop\/shotgun-deerhunt-second-season\/#primaryimage\"},\"image\":{\"@id\":\"https:\/\/huntnfishusa.com\/shop\/shotgun-deerhunt-second-season\/#primaryimage\"},\"thumbnailUrl\":\"https:\/\/huntnfishusa.com\/wp-content\/uploads\/2020\/07\/deerhunting_product.jpg\",\"datePublished\":\"2020-10-20T08:49:14+00:00\",\"dateModified\":\"2020-11-25T07:00:32+00:00\",\"breadcrumb\":{\"@id\":\"https:\/\/huntnfishusa.com\/shop\/shotgun-deerhunt-second-season\/#breadcrumb\"},\"inLanguage\":\"de\",\"potentialAction\":[{\"@type\":\"ReadAction\",\"target\":[\"https:\/\/huntnfishusa.com\/shop\/shotgun-deerhunt-second-season\/\"]}]},{\"@type\":\"ImageObject\",\"inLanguage\":\"de\",\"@id\":\"https:\/\/huntnfishusa.com\/shop\/shotgun-deerhunt-second-season\/#primaryimage\",\"url\":\"https:\/\/huntnfishusa.com\/wp-content\/uploads\/2020\/07\/deerhunting_product.jpg\",\"contentUrl\":\"https:\/\/huntnfishusa.com\/wp-content\/uploads\/2020\/07\/deerhunting_product.jpg\",\"width\":640,\"height\":480},{\"@type\":\"BreadcrumbList\",\"@id\":\"https:\/\/huntnfishusa.com\/shop\/shotgun-deerhunt-second-season\/#breadcrumb\",\"itemListElement\":[{\"@type\":\"ListItem\",\"position\":1,\"name\":\"Hjem\",\"item\":\"https:\/\/huntnfishusa.com\/\"},{\"@type\":\"ListItem\",\"position\":2,\"name\":\"Tours\",\"item\":\"https:\/\/huntnfishusa.com\/shop\/\"},{\"@type\":\"ListItem\",\"position\":3,\"name\":\"Shotgun Deerhunt &#8211; Second Season\"}]},{\"@type\":\"WebSite\",\"@id\":\"https:\/\/huntnfishusa.com\/#website\",\"url\":\"https:\/\/huntnfishusa.com\/\",\"name\":\"hunt &#039;n&#039; fish USA\",\"description\":\"Jagen und Fischen mit Pfeil und Bogen reist in Illinois USA\",\"publisher\":{\"@id\":\"https:\/\/huntnfishusa.com\/#organization\"},\"potentialAction\":[{\"@type\":\"SearchAction\",\"target\":{\"@type\":\"EntryPoint\",\"urlTemplate\":\"https:\/\/huntnfishusa.com\/?s={search_term_string}\"},\"query-input\":{\"@type\":\"PropertyValueSpecification\",\"valueRequired\":true,\"valueName\":\"search_term_string\"}}],\"inLanguage\":\"de\"},{\"@type\":\"Organization\",\"@id\":\"https:\/\/huntnfishusa.com\/#organization\",\"name\":\"Hunt 'n' Fish USA\",\"url\":\"https:\/\/huntnfishusa.com\/\",\"logo\":{\"@type\":\"ImageObject\",\"inLanguage\":\"de\",\"@id\":\"https:\/\/huntnfishusa.com\/#\/schema\/logo\/image\/\",\"url\":\"https:\/\/huntnfishusa.com\/wp-content\/uploads\/2020\/07\/huntnfishlogo_regular.png\",\"contentUrl\":\"https:\/\/huntnfishusa.com\/wp-content\/uploads\/2020\/07\/huntnfishlogo_regular.png\",\"width\":564,\"height\":134,\"caption\":\"Hunt 'n' Fish USA\"},\"image\":{\"@id\":\"https:\/\/huntnfishusa.com\/#\/schema\/logo\/image\/\"}}]}<\/script>\n<!-- \/ Yoast SEO plugin. -->","yoast_head_json":{"title":"Shotgun Deerhunt - Second Season - hunt &#039;n&#039; fish USA","robots":{"index":"index","follow":"follow","max-snippet":"max-snippet:-1","max-image-preview":"max-image-preview:large","max-video-preview":"max-video-preview:-1"},"canonical":"https:\/\/huntnfishusa.com\/shop\/shotgun-deerhunt-second-season\/","og_locale":"de_DE","og_type":"article","og_title":"Shotgun Deerhunt - Second Season - hunt &#039;n&#039; fish USA","og_url":"https:\/\/huntnfishusa.com\/shop\/shotgun-deerhunt-second-season\/","og_site_name":"hunt &#039;n&#039; fish USA","article_modified_time":"2020-11-25T07:00:32+00:00","og_image":[{"width":640,"height":480,"url":"https:\/\/huntnfishusa.com\/wp-content\/uploads\/2020\/07\/deerhunting_product.jpg","type":"image\/jpeg"}],"twitter_card":"summary_large_image","schema":{"@context":"https:\/\/schema.org","@graph":[{"@type":"WebPage","@id":"https:\/\/huntnfishusa.com\/shop\/shotgun-deerhunt-second-season\/","url":"https:\/\/huntnfishusa.com\/shop\/shotgun-deerhunt-second-season\/","name":"Shotgun Deerhunt - Second Season - hunt &#039;n&#039; fish USA","isPartOf":{"@id":"https:\/\/huntnfishusa.com\/#website"},"primaryImageOfPage":{"@id":"https:\/\/huntnfishusa.com\/shop\/shotgun-deerhunt-second-season\/#primaryimage"},"image":{"@id":"https:\/\/huntnfishusa.com\/shop\/shotgun-deerhunt-second-season\/#primaryimage"},"thumbnailUrl":"https:\/\/huntnfishusa.com\/wp-content\/uploads\/2020\/07\/deerhunting_product.jpg","datePublished":"2020-10-20T08:49:14+00:00","dateModified":"2020-11-25T07:00:32+00:00","breadcrumb":{"@id":"https:\/\/huntnfishusa.com\/shop\/shotgun-deerhunt-second-season\/#breadcrumb"},"inLanguage":"de","potentialAction":[{"@type":"ReadAction","target":["https:\/\/huntnfishusa.com\/shop\/shotgun-deerhunt-second-season\/"]}]},{"@type":"ImageObject","inLanguage":"de","@id":"https:\/\/huntnfishusa.com\/shop\/shotgun-deerhunt-second-season\/#primaryimage","url":"https:\/\/huntnfishusa.com\/wp-content\/uploads\/2020\/07\/deerhunting_product.jpg","contentUrl":"https:\/\/huntnfishusa.com\/wp-content\/uploads\/2020\/07\/deerhunting_product.jpg","width":640,"height":480},{"@type":"BreadcrumbList","@id":"https:\/\/huntnfishusa.com\/shop\/shotgun-deerhunt-second-season\/#breadcrumb","itemListElement":[{"@type":"ListItem","position":1,"name":"Hjem","item":"https:\/\/huntnfishusa.com\/"},{"@type":"ListItem","position":2,"name":"Tours","item":"https:\/\/huntnfishusa.com\/shop\/"},{"@type":"ListItem","position":3,"name":"Shotgun Deerhunt &#8211; Second Season"}]},{"@type":"WebSite","@id":"https:\/\/huntnfishusa.com\/#website","url":"https:\/\/huntnfishusa.com\/","name":"hunt &#039;n&#039; fish USA","description":"Jagen und Fischen mit Pfeil und Bogen reist in Illinois USA","publisher":{"@id":"https:\/\/huntnfishusa.com\/#organization"},"potentialAction":[{"@type":"SearchAction","target":{"@type":"EntryPoint","urlTemplate":"https:\/\/huntnfishusa.com\/?s={search_term_string}"},"query-input":{"@type":"PropertyValueSpecification","valueRequired":true,"valueName":"search_term_string"}}],"inLanguage":"de"},{"@type":"Organization","@id":"https:\/\/huntnfishusa.com\/#organization","name":"Hunt 'n' Fish USA","url":"https:\/\/huntnfishusa.com\/","logo":{"@type":"ImageObject","inLanguage":"de","@id":"https:\/\/huntnfishusa.com\/#\/schema\/logo\/image\/","url":"https:\/\/huntnfishusa.com\/wp-content\/uploads\/2020\/07\/huntnfishlogo_regular.png","contentUrl":"https:\/\/huntnfishusa.com\/wp-content\/uploads\/2020\/07\/huntnfishlogo_regular.png","width":564,"height":134,"caption":"Hunt 'n' Fish USA"},"image":{"@id":"https:\/\/huntnfishusa.com\/#\/schema\/logo\/image\/"}}]}},"_links":{"self":[{"href":"https:\/\/huntnfishusa.com\/de\/wp-json\/wp\/v2\/product\/2482","targetHints":{"allow":["GET"]}}],"collection":[{"href":"https:\/\/huntnfishusa.com\/de\/wp-json\/wp\/v2\/product"}],"about":[{"href":"https:\/\/huntnfishusa.com\/de\/wp-json\/wp\/v2\/types\/product"}],"version-history":[{"count":5,"href":"https:\/\/huntnfishusa.com\/de\/wp-json\/wp\/v2\/product\/2482\/revisions"}],"predecessor-version":[{"id":3647,"href":"https:\/\/huntnfishusa.com\/de\/wp-json\/wp\/v2\/product\/2482\/revisions\/3647"}],"wp:featuredmedia":[{"embeddable":true,"href":"https:\/\/huntnfishusa.com\/de\/wp-json\/wp\/v2\/media\/1108"}],"wp:attachment":[{"href":"https:\/\/huntnfishusa.com\/de\/wp-json\/wp\/v2\/media?parent=2482"}],"wp:term":[{"taxonomy":"product_brand","embeddable":true,"href":"https:\/\/huntnfishusa.com\/de\/wp-json\/wp\/v2\/product_brand?post=2482"},{"taxonomy":"product_cat","embeddable":true,"href":"https:\/\/huntnfishusa.com\/de\/wp-json\/wp\/v2\/product_cat?post=2482"},{"taxonomy":"product_tag","embeddable":true,"href":"https:\/\/huntnfishusa.com\/de\/wp-json\/wp\/v2\/product_tag?post=2482"}],"curies":[{"name":"wp","href":"https:\/\/api.w.org\/{rel}","templated":true}]}}