{"id":2432,"date":"2020-10-19T08:50:01","date_gmt":"2020-10-19T08:50:01","guid":{"rendered":"https:\/\/huntnfishusa.com\/?post_type=product&#038;p=2432"},"modified":"2020-11-25T07:56:59","modified_gmt":"2020-11-25T07:56:59","slug":"archery-deerhunt-3-days-pre-rut","status":"publish","type":"product","link":"https:\/\/huntnfishusa.com\/de\/shop\/archery-deerhunt-3-days-pre-rut\/","title":{"rendered":"Archery Deerhunt 3 Days &#8211; Pre Rut"},"content":{"rendered":"<h3>Hirschjagd &#8211; Bogenschie\u00dfen\u00a0 3 tage &#8222;Pre Rut&#8220;<\/h3>\n<p>Vom 21. Oktober &#8211; 3. November<\/p>\n<p>Wir bieten eine 3-t\u00e4gige oder 5-t\u00e4gige Jagd an. Wir jagen auf 1100 Morgen w\u00e4hrend der Bogenschie\u00dfsaison in 3 Landkreisen. Es ist ein wundersch\u00f6nes Gel\u00e4nde mit sanften H\u00fcgeln mit gemischtem Ackerland.<\/p>\n<p>Alle Ihre Gestelle und Tarnung werden zusammen mit dem Transport zum Jagdgebiet geliefert. Wir bieten 1 Leitfaden f\u00fcr jeweils 2 Kunden.<\/p>\n<p>Wir hoffen, dass Sie als Kunde ankommen und uns als Freund verlassen.<\/p>\n<p><strong>In der Jagd enthalten sind:<\/strong><\/p>\n<ul>\n<li>Mahlzeiten<\/li>\n<li>Unterkunft<\/li>\n<li>Hin und her zum Jagdgebiet<\/li>\n<li>Die M\u00f6glichkeit, dass ein F\u00fchrer mit Ihnen auf der Trib\u00fcne sitzt<\/li>\n<\/ul>\n<p><em><strong>Lizenzen und Jagdschein sind nicht enthalten.<\/strong><\/em><\/p>\n<p><strong>Lizenzgeb\u00fchren:<\/strong><br \/>\nNichtans\u00e4ssiger, 5 Tage (35,75 USD) + Stempel (5,00 USD)<\/p>\n<p><strong>Geb\u00fchren f\u00fcr das Bogenschie\u00dfen<\/strong>: 475,00 USD<br \/>\n(J\u00e4ger nicht ans\u00e4ssige)<br \/>\nEnth\u00e4lt Jadgchein, Lebensraumstempel und Lizenz<\/p>\n<p>SO ERSTELLEN SIE EINE ANGEBOTSANFRAGE:<\/p>\n<ol>\n<li>W\u00e4hlen Sie das bevorzugte Startdatum im Kalender<\/li>\n<li>Geben Sie die Anzahl der Personen ein, die auf die Jagd gehen m\u00f6chten<\/li>\n<li>Zum &#8222;Add to quote&#8220; hinzuf\u00fcgen, das Ihnen die gesamte Abfrage anzeigt<\/li>\n<li>Die Abholung und R\u00fcckgabe vom Flughafen ist auf Anfrage m\u00f6glich. Der n\u00e4chstgelegene internationale Flughafen befindet sich in Nashville, TN, f\u00fcr eine zus\u00e4tzliche Gruppe von 150 USD pro Person. Sie k\u00f6nnen dies \u00fcber die Schaltfl\u00e4che &#8222;Pick-Up&#8220; in der Anforderungsliste hinzuf\u00fcgen<\/li>\n<li>Wenn nach Ihren W\u00fcnschen alles richtig aussieht, senden Sie die Anfrage mit &#8222;Send quote request&#8220;,und wir werden uns so schnell wie m\u00f6glich bei Ihnen melden<\/li>\n<\/ol>\n","protected":false},"excerpt":{"rendered":"<p>Hirschjagd &#8211; Bogenschie\u00dfen\u00a0 3 tage &#8222;Pre Rut&#8220; Vom 21. Oktober &#8211; 3. November Wir bieten eine 3-t\u00e4gige oder 5-t\u00e4gige Jagd an. Wir jagen auf 1100 Morgen w\u00e4hrend der Bogenschie\u00dfsaison in 3 Landkreisen. Es ist ein wundersch\u00f6nes Gel\u00e4nde mit sanften H\u00fcgeln [&hellip;]<\/p>\n","protected":false},"featured_media":4580,"template":"","meta":[],"product_brand":[],"product_cat":[108,33],"product_tag":[89],"class_list":{"0":"post-2432","1":"product","2":"type-product","3":"status-publish","4":"has-post-thumbnail","6":"product_cat-deerhunting-bow","7":"product_cat-hjortjakt","8":"product_tag-bowhunt","9":"clearfix","11":"first","12":"instock","13":"virtual","14":"purchasable","15":"product-type-simple"},"translation":{"provider":"WPGlobus","version":"3.0.2","language":"de","enabled_languages":["da","en","de","sv"],"languages":{"da":{"title":true,"content":true,"excerpt":false},"en":{"title":false,"content":true,"excerpt":false},"de":{"title":false,"content":true,"excerpt":false},"sv":{"title":false,"content":true,"excerpt":false}}},"yoast_head":"<!-- This site is optimized with the Yoast SEO plugin v27.0 - https:\/\/yoast.com\/product\/yoast-seo-wordpress\/ -->\n<title>Archery Deerhunt 3 Days - Pre Rut - hunt &#039;n&#039; fish USA<\/title>\n<meta name=\"robots\" content=\"index, follow, max-snippet:-1, max-image-preview:large, max-video-preview:-1\" \/>\n<link rel=\"canonical\" href=\"https:\/\/huntnfishusa.com\/sv\/shop\/archery-deerhunt-3-days-pre-rut\/\" \/>\n<meta property=\"og:locale\" content=\"de_DE\" \/>\n<meta property=\"og:type\" content=\"article\" \/>\n<meta property=\"og:title\" content=\"Archery Deerhunt 3 Days - Pre Rut - hunt &#039;n&#039; fish USA\" \/>\n<meta property=\"og:url\" content=\"https:\/\/huntnfishusa.com\/sv\/shop\/archery-deerhunt-3-days-pre-rut\/\" \/>\n<meta property=\"og:site_name\" content=\"hunt &#039;n&#039; fish USA\" \/>\n<meta property=\"article:modified_time\" content=\"2020-11-25T07:56:59+00:00\" \/>\n<meta property=\"og:image\" content=\"https:\/\/huntnfishusa.com\/wp-content\/uploads\/2020\/11\/deerhunting-bow-3days-600.jpg\" \/>\n\t<meta property=\"og:image:width\" content=\"600\" \/>\n\t<meta property=\"og:image:height\" content=\"600\" \/>\n\t<meta property=\"og:image:type\" content=\"image\/jpeg\" \/>\n<meta name=\"twitter:card\" content=\"summary_large_image\" \/>\n<script type=\"application\/ld+json\" class=\"yoast-schema-graph\">{\"@context\":\"https:\/\/schema.org\",\"@graph\":[{\"@type\":\"WebPage\",\"@id\":\"https:\/\/huntnfishusa.com\/sv\/shop\/archery-deerhunt-3-days-pre-rut\/\",\"url\":\"https:\/\/huntnfishusa.com\/sv\/shop\/archery-deerhunt-3-days-pre-rut\/\",\"name\":\"Archery Deerhunt 3 Days - Pre Rut - hunt &#039;n&#039; fish USA\",\"isPartOf\":{\"@id\":\"https:\/\/huntnfishusa.com\/#website\"},\"primaryImageOfPage\":{\"@id\":\"https:\/\/huntnfishusa.com\/sv\/shop\/archery-deerhunt-3-days-pre-rut\/#primaryimage\"},\"image\":{\"@id\":\"https:\/\/huntnfishusa.com\/sv\/shop\/archery-deerhunt-3-days-pre-rut\/#primaryimage\"},\"thumbnailUrl\":\"https:\/\/huntnfishusa.com\/wp-content\/uploads\/2020\/11\/deerhunting-bow-3days-600.jpg\",\"datePublished\":\"2020-10-19T08:50:01+00:00\",\"dateModified\":\"2020-11-25T07:56:59+00:00\",\"breadcrumb\":{\"@id\":\"https:\/\/huntnfishusa.com\/sv\/shop\/archery-deerhunt-3-days-pre-rut\/#breadcrumb\"},\"inLanguage\":\"de\",\"potentialAction\":[{\"@type\":\"ReadAction\",\"target\":[\"https:\/\/huntnfishusa.com\/sv\/shop\/archery-deerhunt-3-days-pre-rut\/\"]}]},{\"@type\":\"ImageObject\",\"inLanguage\":\"de\",\"@id\":\"https:\/\/huntnfishusa.com\/sv\/shop\/archery-deerhunt-3-days-pre-rut\/#primaryimage\",\"url\":\"https:\/\/huntnfishusa.com\/wp-content\/uploads\/2020\/11\/deerhunting-bow-3days-600.jpg\",\"contentUrl\":\"https:\/\/huntnfishusa.com\/wp-content\/uploads\/2020\/11\/deerhunting-bow-3days-600.jpg\",\"width\":600,\"height\":600},{\"@type\":\"BreadcrumbList\",\"@id\":\"https:\/\/huntnfishusa.com\/sv\/shop\/archery-deerhunt-3-days-pre-rut\/#breadcrumb\",\"itemListElement\":[{\"@type\":\"ListItem\",\"position\":1,\"name\":\"Hjem\",\"item\":\"https:\/\/huntnfishusa.com\/\"},{\"@type\":\"ListItem\",\"position\":2,\"name\":\"Tours\",\"item\":\"https:\/\/huntnfishusa.com\/shop\/\"},{\"@type\":\"ListItem\",\"position\":3,\"name\":\"Archery Deerhunt 3 Days &#8211; Pre Rut\"}]},{\"@type\":\"WebSite\",\"@id\":\"https:\/\/huntnfishusa.com\/#website\",\"url\":\"https:\/\/huntnfishusa.com\/\",\"name\":\"hunt &#039;n&#039; fish USA\",\"description\":\"Jagen und Fischen mit Pfeil und Bogen reist in Illinois USA\",\"publisher\":{\"@id\":\"https:\/\/huntnfishusa.com\/#organization\"},\"potentialAction\":[{\"@type\":\"SearchAction\",\"target\":{\"@type\":\"EntryPoint\",\"urlTemplate\":\"https:\/\/huntnfishusa.com\/?s={search_term_string}\"},\"query-input\":{\"@type\":\"PropertyValueSpecification\",\"valueRequired\":true,\"valueName\":\"search_term_string\"}}],\"inLanguage\":\"de\"},{\"@type\":\"Organization\",\"@id\":\"https:\/\/huntnfishusa.com\/#organization\",\"name\":\"Hunt 'n' Fish USA\",\"url\":\"https:\/\/huntnfishusa.com\/\",\"logo\":{\"@type\":\"ImageObject\",\"inLanguage\":\"de\",\"@id\":\"https:\/\/huntnfishusa.com\/#\/schema\/logo\/image\/\",\"url\":\"https:\/\/huntnfishusa.com\/wp-content\/uploads\/2020\/07\/huntnfishlogo_regular.png\",\"contentUrl\":\"https:\/\/huntnfishusa.com\/wp-content\/uploads\/2020\/07\/huntnfishlogo_regular.png\",\"width\":564,\"height\":134,\"caption\":\"Hunt 'n' Fish USA\"},\"image\":{\"@id\":\"https:\/\/huntnfishusa.com\/#\/schema\/logo\/image\/\"}}]}<\/script>\n<!-- \/ Yoast SEO plugin. -->","yoast_head_json":{"title":"Archery Deerhunt 3 Days - Pre Rut - hunt &#039;n&#039; fish USA","robots":{"index":"index","follow":"follow","max-snippet":"max-snippet:-1","max-image-preview":"max-image-preview:large","max-video-preview":"max-video-preview:-1"},"canonical":"https:\/\/huntnfishusa.com\/sv\/shop\/archery-deerhunt-3-days-pre-rut\/","og_locale":"de_DE","og_type":"article","og_title":"Archery Deerhunt 3 Days - Pre Rut - hunt &#039;n&#039; fish USA","og_url":"https:\/\/huntnfishusa.com\/sv\/shop\/archery-deerhunt-3-days-pre-rut\/","og_site_name":"hunt &#039;n&#039; fish USA","article_modified_time":"2020-11-25T07:56:59+00:00","og_image":[{"width":600,"height":600,"url":"https:\/\/huntnfishusa.com\/wp-content\/uploads\/2020\/11\/deerhunting-bow-3days-600.jpg","type":"image\/jpeg"}],"twitter_card":"summary_large_image","schema":{"@context":"https:\/\/schema.org","@graph":[{"@type":"WebPage","@id":"https:\/\/huntnfishusa.com\/sv\/shop\/archery-deerhunt-3-days-pre-rut\/","url":"https:\/\/huntnfishusa.com\/sv\/shop\/archery-deerhunt-3-days-pre-rut\/","name":"Archery Deerhunt 3 Days - Pre Rut - hunt &#039;n&#039; fish USA","isPartOf":{"@id":"https:\/\/huntnfishusa.com\/#website"},"primaryImageOfPage":{"@id":"https:\/\/huntnfishusa.com\/sv\/shop\/archery-deerhunt-3-days-pre-rut\/#primaryimage"},"image":{"@id":"https:\/\/huntnfishusa.com\/sv\/shop\/archery-deerhunt-3-days-pre-rut\/#primaryimage"},"thumbnailUrl":"https:\/\/huntnfishusa.com\/wp-content\/uploads\/2020\/11\/deerhunting-bow-3days-600.jpg","datePublished":"2020-10-19T08:50:01+00:00","dateModified":"2020-11-25T07:56:59+00:00","breadcrumb":{"@id":"https:\/\/huntnfishusa.com\/sv\/shop\/archery-deerhunt-3-days-pre-rut\/#breadcrumb"},"inLanguage":"de","potentialAction":[{"@type":"ReadAction","target":["https:\/\/huntnfishusa.com\/sv\/shop\/archery-deerhunt-3-days-pre-rut\/"]}]},{"@type":"ImageObject","inLanguage":"de","@id":"https:\/\/huntnfishusa.com\/sv\/shop\/archery-deerhunt-3-days-pre-rut\/#primaryimage","url":"https:\/\/huntnfishusa.com\/wp-content\/uploads\/2020\/11\/deerhunting-bow-3days-600.jpg","contentUrl":"https:\/\/huntnfishusa.com\/wp-content\/uploads\/2020\/11\/deerhunting-bow-3days-600.jpg","width":600,"height":600},{"@type":"BreadcrumbList","@id":"https:\/\/huntnfishusa.com\/sv\/shop\/archery-deerhunt-3-days-pre-rut\/#breadcrumb","itemListElement":[{"@type":"ListItem","position":1,"name":"Hjem","item":"https:\/\/huntnfishusa.com\/"},{"@type":"ListItem","position":2,"name":"Tours","item":"https:\/\/huntnfishusa.com\/shop\/"},{"@type":"ListItem","position":3,"name":"Archery Deerhunt 3 Days &#8211; Pre Rut"}]},{"@type":"WebSite","@id":"https:\/\/huntnfishusa.com\/#website","url":"https:\/\/huntnfishusa.com\/","name":"hunt &#039;n&#039; fish USA","description":"Jagen und Fischen mit Pfeil und Bogen reist in Illinois USA","publisher":{"@id":"https:\/\/huntnfishusa.com\/#organization"},"potentialAction":[{"@type":"SearchAction","target":{"@type":"EntryPoint","urlTemplate":"https:\/\/huntnfishusa.com\/?s={search_term_string}"},"query-input":{"@type":"PropertyValueSpecification","valueRequired":true,"valueName":"search_term_string"}}],"inLanguage":"de"},{"@type":"Organization","@id":"https:\/\/huntnfishusa.com\/#organization","name":"Hunt 'n' Fish USA","url":"https:\/\/huntnfishusa.com\/","logo":{"@type":"ImageObject","inLanguage":"de","@id":"https:\/\/huntnfishusa.com\/#\/schema\/logo\/image\/","url":"https:\/\/huntnfishusa.com\/wp-content\/uploads\/2020\/07\/huntnfishlogo_regular.png","contentUrl":"https:\/\/huntnfishusa.com\/wp-content\/uploads\/2020\/07\/huntnfishlogo_regular.png","width":564,"height":134,"caption":"Hunt 'n' Fish USA"},"image":{"@id":"https:\/\/huntnfishusa.com\/#\/schema\/logo\/image\/"}}]}},"_links":{"self":[{"href":"https:\/\/huntnfishusa.com\/de\/wp-json\/wp\/v2\/product\/2432","targetHints":{"allow":["GET"]}}],"collection":[{"href":"https:\/\/huntnfishusa.com\/de\/wp-json\/wp\/v2\/product"}],"about":[{"href":"https:\/\/huntnfishusa.com\/de\/wp-json\/wp\/v2\/types\/product"}],"version-history":[{"count":5,"href":"https:\/\/huntnfishusa.com\/de\/wp-json\/wp\/v2\/product\/2432\/revisions"}],"predecessor-version":[{"id":3216,"href":"https:\/\/huntnfishusa.com\/de\/wp-json\/wp\/v2\/product\/2432\/revisions\/3216"}],"wp:featuredmedia":[{"embeddable":true,"href":"https:\/\/huntnfishusa.com\/de\/wp-json\/wp\/v2\/media\/4580"}],"wp:attachment":[{"href":"https:\/\/huntnfishusa.com\/de\/wp-json\/wp\/v2\/media?parent=2432"}],"wp:term":[{"taxonomy":"product_brand","embeddable":true,"href":"https:\/\/huntnfishusa.com\/de\/wp-json\/wp\/v2\/product_brand?post=2432"},{"taxonomy":"product_cat","embeddable":true,"href":"https:\/\/huntnfishusa.com\/de\/wp-json\/wp\/v2\/product_cat?post=2432"},{"taxonomy":"product_tag","embeddable":true,"href":"https:\/\/huntnfishusa.com\/de\/wp-json\/wp\/v2\/product_tag?post=2432"}],"curies":[{"name":"wp","href":"https:\/\/api.w.org\/{rel}","templated":true}]}}