{"id":2407,"date":"2020-10-19T07:57:52","date_gmt":"2020-10-19T07:57:52","guid":{"rendered":"https:\/\/huntnfishusa.com\/?post_type=product&#038;p=2407"},"modified":"2020-11-25T08:30:45","modified_gmt":"2020-11-25T08:30:45","slug":"catfishing-1-2-day","status":"publish","type":"product","link":"https:\/\/huntnfishusa.com\/de\/shop\/catfishing-1-2-day\/","title":{"rendered":"Catfishing 1\/2 day"},"content":{"rendered":"<h3>Welsjagd- 1\/2 tag<\/h3>\n<p>Vom 1. Februar bis 1. September<\/p>\n<p>Wir fischen im Ohio River im <strong>Smithland Poolbereich<\/strong> nach Wels. Die Reise beinhaltet alle Ihre Ruten, Rollen, Ger\u00e4te und K\u00f6der. Das Boot und der Kapit\u00e4n treffen Sie am Yachthafen und bringen Sie auf den Ohio River.<\/p>\n<p><em>Angelschein ist nicht enthalten.<\/em><\/p>\n<p><strong>Der Preis gilt pro Boot f\u00fcr bis zu 4 Personen &#8211; Getr\u00e4nke inklusive<\/strong><\/p>\n<p>SO ERSTELLEN SIE EINE ANGEBOTSANFRAGE:<\/p>\n<ol>\n<li>W\u00e4hlen Sie das bevorzugte Startdatum im Kalender<\/li>\n<li>Zum \u201cAdd to quote\u201d hinzuf\u00fcgen, das Ihnen die gesamte Abfrage anzeigt<\/li>\n<li>Die Abholung und R\u00fcckgabe vom Flughafen ist auf Anfrage m\u00f6glich. Der n\u00e4chstgelegene internationale Flughafen befindet sich in Nashville, TN, f\u00fcr eine zus\u00e4tzliche Gruppe von 150 USD pro Person. Sie k\u00f6nnen dies \u00fcber die Schaltfl\u00e4che \u201cPick-Up\u201d in der Anforderungsliste hinzuf\u00fcgen<\/li>\n<li>Wenn nach Ihren W\u00fcnschen alles richtig aussieht, senden Sie die Anfrage mit \u201cSend quote request\u201d,und wir werden uns so schnell wie m\u00f6glich bei Ihnen melden<\/li>\n<\/ol>\n","protected":false},"excerpt":{"rendered":"<p>Welsjagd- 1\/2 tag Vom 1. Februar bis 1. September Wir fischen im Ohio River im Smithland Poolbereich nach Wels. Die Reise beinhaltet alle Ihre Ruten, Rollen, Ger\u00e4te und K\u00f6der. Das Boot und der Kapit\u00e4n treffen Sie am Yachthafen und bringen [&hellip;]<\/p>\n","protected":false},"featured_media":4413,"template":"","meta":[],"product_brand":[],"product_cat":[59],"product_tag":[],"class_list":{"0":"post-2407","1":"product","2":"type-product","3":"status-publish","4":"has-post-thumbnail","6":"product_cat-catfishing","7":"clearfix","9":"first","10":"instock","11":"sold-individually","12":"shipping-taxable","13":"purchasable","14":"product-type-simple"},"translation":{"provider":"WPGlobus","version":"3.0.2","language":"de","enabled_languages":["da","en","de","sv"],"languages":{"da":{"title":true,"content":true,"excerpt":false},"en":{"title":false,"content":true,"excerpt":false},"de":{"title":false,"content":true,"excerpt":false},"sv":{"title":false,"content":true,"excerpt":false}}},"yoast_head":"<!-- This site is optimized with the Yoast SEO plugin v27.0 - https:\/\/yoast.com\/product\/yoast-seo-wordpress\/ -->\n<title>Catfishing 1\/2 day - hunt &#039;n&#039; fish USA<\/title>\n<meta name=\"robots\" content=\"index, follow, max-snippet:-1, max-image-preview:large, max-video-preview:-1\" \/>\n<link rel=\"canonical\" href=\"https:\/\/huntnfishusa.com\/de\/shop\/catfishing-1-2-day\/\" \/>\n<meta property=\"og:locale\" content=\"de_DE\" \/>\n<meta property=\"og:type\" content=\"article\" \/>\n<meta property=\"og:title\" content=\"Catfishing 1\/2 day - hunt &#039;n&#039; fish USA\" \/>\n<meta property=\"og:url\" content=\"https:\/\/huntnfishusa.com\/de\/shop\/catfishing-1-2-day\/\" \/>\n<meta property=\"og:site_name\" content=\"hunt &#039;n&#039; fish USA\" \/>\n<meta property=\"article:modified_time\" content=\"2020-11-25T08:30:45+00:00\" \/>\n<meta property=\"og:image\" content=\"https:\/\/huntnfishusa.com\/wp-content\/uploads\/2020\/11\/catfishing1-600.jpg\" \/>\n\t<meta property=\"og:image:width\" content=\"600\" \/>\n\t<meta property=\"og:image:height\" content=\"600\" \/>\n\t<meta property=\"og:image:type\" content=\"image\/jpeg\" \/>\n<meta name=\"twitter:card\" content=\"summary_large_image\" \/>\n<script type=\"application\/ld+json\" class=\"yoast-schema-graph\">{\"@context\":\"https:\/\/schema.org\",\"@graph\":[{\"@type\":\"WebPage\",\"@id\":\"https:\/\/huntnfishusa.com\/de\/shop\/catfishing-1-2-day\/\",\"url\":\"https:\/\/huntnfishusa.com\/de\/shop\/catfishing-1-2-day\/\",\"name\":\"Catfishing 1\/2 day - hunt &#039;n&#039; fish USA\",\"isPartOf\":{\"@id\":\"https:\/\/huntnfishusa.com\/#website\"},\"primaryImageOfPage\":{\"@id\":\"https:\/\/huntnfishusa.com\/de\/shop\/catfishing-1-2-day\/#primaryimage\"},\"image\":{\"@id\":\"https:\/\/huntnfishusa.com\/de\/shop\/catfishing-1-2-day\/#primaryimage\"},\"thumbnailUrl\":\"https:\/\/huntnfishusa.com\/wp-content\/uploads\/2020\/11\/catfishing1-600.jpg\",\"datePublished\":\"2020-10-19T07:57:52+00:00\",\"dateModified\":\"2020-11-25T08:30:45+00:00\",\"breadcrumb\":{\"@id\":\"https:\/\/huntnfishusa.com\/de\/shop\/catfishing-1-2-day\/#breadcrumb\"},\"inLanguage\":\"de\",\"potentialAction\":[{\"@type\":\"ReadAction\",\"target\":[\"https:\/\/huntnfishusa.com\/de\/shop\/catfishing-1-2-day\/\"]}]},{\"@type\":\"ImageObject\",\"inLanguage\":\"de\",\"@id\":\"https:\/\/huntnfishusa.com\/de\/shop\/catfishing-1-2-day\/#primaryimage\",\"url\":\"https:\/\/huntnfishusa.com\/wp-content\/uploads\/2020\/11\/catfishing1-600.jpg\",\"contentUrl\":\"https:\/\/huntnfishusa.com\/wp-content\/uploads\/2020\/11\/catfishing1-600.jpg\",\"width\":600,\"height\":600},{\"@type\":\"BreadcrumbList\",\"@id\":\"https:\/\/huntnfishusa.com\/de\/shop\/catfishing-1-2-day\/#breadcrumb\",\"itemListElement\":[{\"@type\":\"ListItem\",\"position\":1,\"name\":\"Hjem\",\"item\":\"https:\/\/huntnfishusa.com\/\"},{\"@type\":\"ListItem\",\"position\":2,\"name\":\"Tours\",\"item\":\"https:\/\/huntnfishusa.com\/shop\/\"},{\"@type\":\"ListItem\",\"position\":3,\"name\":\"Catfishing 1\/2 day\"}]},{\"@type\":\"WebSite\",\"@id\":\"https:\/\/huntnfishusa.com\/#website\",\"url\":\"https:\/\/huntnfishusa.com\/\",\"name\":\"hunt &#039;n&#039; fish USA\",\"description\":\"Jagen und Fischen mit Pfeil und Bogen reist in Illinois USA\",\"publisher\":{\"@id\":\"https:\/\/huntnfishusa.com\/#organization\"},\"potentialAction\":[{\"@type\":\"SearchAction\",\"target\":{\"@type\":\"EntryPoint\",\"urlTemplate\":\"https:\/\/huntnfishusa.com\/?s={search_term_string}\"},\"query-input\":{\"@type\":\"PropertyValueSpecification\",\"valueRequired\":true,\"valueName\":\"search_term_string\"}}],\"inLanguage\":\"de\"},{\"@type\":\"Organization\",\"@id\":\"https:\/\/huntnfishusa.com\/#organization\",\"name\":\"Hunt 'n' Fish USA\",\"url\":\"https:\/\/huntnfishusa.com\/\",\"logo\":{\"@type\":\"ImageObject\",\"inLanguage\":\"de\",\"@id\":\"https:\/\/huntnfishusa.com\/#\/schema\/logo\/image\/\",\"url\":\"https:\/\/huntnfishusa.com\/wp-content\/uploads\/2020\/07\/huntnfishlogo_regular.png\",\"contentUrl\":\"https:\/\/huntnfishusa.com\/wp-content\/uploads\/2020\/07\/huntnfishlogo_regular.png\",\"width\":564,\"height\":134,\"caption\":\"Hunt 'n' Fish USA\"},\"image\":{\"@id\":\"https:\/\/huntnfishusa.com\/#\/schema\/logo\/image\/\"}}]}<\/script>\n<!-- \/ Yoast SEO plugin. -->","yoast_head_json":{"title":"Catfishing 1\/2 day - hunt &#039;n&#039; fish USA","robots":{"index":"index","follow":"follow","max-snippet":"max-snippet:-1","max-image-preview":"max-image-preview:large","max-video-preview":"max-video-preview:-1"},"canonical":"https:\/\/huntnfishusa.com\/de\/shop\/catfishing-1-2-day\/","og_locale":"de_DE","og_type":"article","og_title":"Catfishing 1\/2 day - hunt &#039;n&#039; fish USA","og_url":"https:\/\/huntnfishusa.com\/de\/shop\/catfishing-1-2-day\/","og_site_name":"hunt &#039;n&#039; fish USA","article_modified_time":"2020-11-25T08:30:45+00:00","og_image":[{"width":600,"height":600,"url":"https:\/\/huntnfishusa.com\/wp-content\/uploads\/2020\/11\/catfishing1-600.jpg","type":"image\/jpeg"}],"twitter_card":"summary_large_image","schema":{"@context":"https:\/\/schema.org","@graph":[{"@type":"WebPage","@id":"https:\/\/huntnfishusa.com\/de\/shop\/catfishing-1-2-day\/","url":"https:\/\/huntnfishusa.com\/de\/shop\/catfishing-1-2-day\/","name":"Catfishing 1\/2 day - hunt &#039;n&#039; fish USA","isPartOf":{"@id":"https:\/\/huntnfishusa.com\/#website"},"primaryImageOfPage":{"@id":"https:\/\/huntnfishusa.com\/de\/shop\/catfishing-1-2-day\/#primaryimage"},"image":{"@id":"https:\/\/huntnfishusa.com\/de\/shop\/catfishing-1-2-day\/#primaryimage"},"thumbnailUrl":"https:\/\/huntnfishusa.com\/wp-content\/uploads\/2020\/11\/catfishing1-600.jpg","datePublished":"2020-10-19T07:57:52+00:00","dateModified":"2020-11-25T08:30:45+00:00","breadcrumb":{"@id":"https:\/\/huntnfishusa.com\/de\/shop\/catfishing-1-2-day\/#breadcrumb"},"inLanguage":"de","potentialAction":[{"@type":"ReadAction","target":["https:\/\/huntnfishusa.com\/de\/shop\/catfishing-1-2-day\/"]}]},{"@type":"ImageObject","inLanguage":"de","@id":"https:\/\/huntnfishusa.com\/de\/shop\/catfishing-1-2-day\/#primaryimage","url":"https:\/\/huntnfishusa.com\/wp-content\/uploads\/2020\/11\/catfishing1-600.jpg","contentUrl":"https:\/\/huntnfishusa.com\/wp-content\/uploads\/2020\/11\/catfishing1-600.jpg","width":600,"height":600},{"@type":"BreadcrumbList","@id":"https:\/\/huntnfishusa.com\/de\/shop\/catfishing-1-2-day\/#breadcrumb","itemListElement":[{"@type":"ListItem","position":1,"name":"Hjem","item":"https:\/\/huntnfishusa.com\/"},{"@type":"ListItem","position":2,"name":"Tours","item":"https:\/\/huntnfishusa.com\/shop\/"},{"@type":"ListItem","position":3,"name":"Catfishing 1\/2 day"}]},{"@type":"WebSite","@id":"https:\/\/huntnfishusa.com\/#website","url":"https:\/\/huntnfishusa.com\/","name":"hunt &#039;n&#039; fish USA","description":"Jagen und Fischen mit Pfeil und Bogen reist in Illinois USA","publisher":{"@id":"https:\/\/huntnfishusa.com\/#organization"},"potentialAction":[{"@type":"SearchAction","target":{"@type":"EntryPoint","urlTemplate":"https:\/\/huntnfishusa.com\/?s={search_term_string}"},"query-input":{"@type":"PropertyValueSpecification","valueRequired":true,"valueName":"search_term_string"}}],"inLanguage":"de"},{"@type":"Organization","@id":"https:\/\/huntnfishusa.com\/#organization","name":"Hunt 'n' Fish USA","url":"https:\/\/huntnfishusa.com\/","logo":{"@type":"ImageObject","inLanguage":"de","@id":"https:\/\/huntnfishusa.com\/#\/schema\/logo\/image\/","url":"https:\/\/huntnfishusa.com\/wp-content\/uploads\/2020\/07\/huntnfishlogo_regular.png","contentUrl":"https:\/\/huntnfishusa.com\/wp-content\/uploads\/2020\/07\/huntnfishlogo_regular.png","width":564,"height":134,"caption":"Hunt 'n' Fish USA"},"image":{"@id":"https:\/\/huntnfishusa.com\/#\/schema\/logo\/image\/"}}]}},"_links":{"self":[{"href":"https:\/\/huntnfishusa.com\/de\/wp-json\/wp\/v2\/product\/2407","targetHints":{"allow":["GET"]}}],"collection":[{"href":"https:\/\/huntnfishusa.com\/de\/wp-json\/wp\/v2\/product"}],"about":[{"href":"https:\/\/huntnfishusa.com\/de\/wp-json\/wp\/v2\/types\/product"}],"version-history":[{"count":5,"href":"https:\/\/huntnfishusa.com\/de\/wp-json\/wp\/v2\/product\/2407\/revisions"}],"predecessor-version":[{"id":3206,"href":"https:\/\/huntnfishusa.com\/de\/wp-json\/wp\/v2\/product\/2407\/revisions\/3206"}],"wp:featuredmedia":[{"embeddable":true,"href":"https:\/\/huntnfishusa.com\/de\/wp-json\/wp\/v2\/media\/4413"}],"wp:attachment":[{"href":"https:\/\/huntnfishusa.com\/de\/wp-json\/wp\/v2\/media?parent=2407"}],"wp:term":[{"taxonomy":"product_brand","embeddable":true,"href":"https:\/\/huntnfishusa.com\/de\/wp-json\/wp\/v2\/product_brand?post=2407"},{"taxonomy":"product_cat","embeddable":true,"href":"https:\/\/huntnfishusa.com\/de\/wp-json\/wp\/v2\/product_cat?post=2407"},{"taxonomy":"product_tag","embeddable":true,"href":"https:\/\/huntnfishusa.com\/de\/wp-json\/wp\/v2\/product_tag?post=2407"}],"curies":[{"name":"wp","href":"https:\/\/api.w.org\/{rel}","templated":true}]}}