{"id":2399,"date":"2020-10-19T07:48:45","date_gmt":"2020-10-19T07:48:45","guid":{"rendered":"https:\/\/huntnfishusa.com\/?post_type=product&#038;p=2399"},"modified":"2020-11-25T08:40:57","modified_gmt":"2020-11-25T08:40:57","slug":"family-fishing","status":"publish","type":"product","link":"https:\/\/huntnfishusa.com\/de\/shop\/family-fishing\/","title":{"rendered":"Family Fishing 1\/2 day"},"content":{"rendered":"<h3>Familienangeln &#8211; 1\/2 tag<\/h3>\n<p>Vom 1. Juni &#8211; 1. September<\/p>\n<p><strong>Ohio River oder ein Binnensee &#8211; <\/strong>bis zu 4 personen<\/p>\n<p>Machen Sie mit der Familie einen halbt\u00e4gigen Angelausflug auf dem Ohio River und den Nebenfl\u00fcssen von Illinois. Genie\u00dfen Sie die Landschaft und fangen Sie dabei ein paar Fische. Alle K\u00f6derruten und Rollen werden zur Verf\u00fcgung gestellt.<\/p>\n<p><em>F\u00fcr Personen \u00fcber 16 Jahre ist ein Angelschein erforderlich, der separat erh\u00e4ltlich ist<\/em><\/p>\n<p>SO ERSTELLEN SIE EINE ANGEBOTSANFRAGE:<\/p>\n<ol>\n<li>W\u00e4hlen Sie das bevorzugte Startdatum im Kalender<\/li>\n<li>Zum \u201cAdd to quote\u201d hinzuf\u00fcgen, das Ihnen die gesamte Abfrage anzeigt<\/li>\n<li>Die Abholung und R\u00fcckgabe vom Flughafen ist auf Anfrage m\u00f6glich. Der n\u00e4chstgelegene internationale Flughafen befindet sich in Nashville, TN, f\u00fcr eine zus\u00e4tzliche Gruppe von 150 USD pro Person. Sie k\u00f6nnen dies \u00fcber die Schaltfl\u00e4che \u201cPick-Up\u201d in der Anforderungsliste hinzuf\u00fcgen<\/li>\n<li>Wenn nach Ihren W\u00fcnschen alles richtig aussieht, senden Sie die Anfrage mit \u201cSend quote request\u201d,und wir werden uns so schnell wie m\u00f6glich bei Ihnen melden<\/li>\n<\/ol>\n<p>&nbsp;<\/p>\n","protected":false},"excerpt":{"rendered":"<p>Familienangeln &#8211; 1\/2 tag Vom 1. Juni &#8211; 1. September Ohio River oder ein Binnensee &#8211; bis zu 4 personen Machen Sie mit der Familie einen halbt\u00e4gigen Angelausflug auf dem Ohio River und den Nebenfl\u00fcssen von Illinois. Genie\u00dfen Sie die [&hellip;]<\/p>\n","protected":false},"featured_media":4467,"template":"","meta":[],"product_brand":[],"product_cat":[61],"product_tag":[],"class_list":{"0":"post-2399","1":"product","2":"type-product","3":"status-publish","4":"has-post-thumbnail","6":"product_cat-familyfishing","7":"clearfix","9":"first","10":"instock","11":"sold-individually","12":"shipping-taxable","13":"purchasable","14":"product-type-simple"},"translation":{"provider":"WPGlobus","version":"3.0.2","language":"de","enabled_languages":["da","en","de","sv"],"languages":{"da":{"title":true,"content":true,"excerpt":false},"en":{"title":false,"content":true,"excerpt":false},"de":{"title":false,"content":true,"excerpt":false},"sv":{"title":false,"content":true,"excerpt":false}}},"yoast_head":"<!-- This site is optimized with the Yoast SEO plugin v27.0 - https:\/\/yoast.com\/product\/yoast-seo-wordpress\/ -->\n<title>Family Fishing 1\/2 day - hunt &#039;n&#039; fish USA<\/title>\n<meta name=\"robots\" content=\"index, follow, max-snippet:-1, max-image-preview:large, max-video-preview:-1\" \/>\n<link rel=\"canonical\" href=\"https:\/\/huntnfishusa.com\/de\/shop\/family-fishing\/\" \/>\n<meta property=\"og:locale\" content=\"de_DE\" \/>\n<meta property=\"og:type\" content=\"article\" \/>\n<meta property=\"og:title\" content=\"Family Fishing 1\/2 day - hunt &#039;n&#039; fish USA\" \/>\n<meta property=\"og:url\" content=\"https:\/\/huntnfishusa.com\/de\/shop\/family-fishing\/\" \/>\n<meta property=\"og:site_name\" content=\"hunt &#039;n&#039; fish USA\" \/>\n<meta property=\"article:modified_time\" content=\"2020-11-25T08:40:57+00:00\" \/>\n<meta property=\"og:image\" content=\"https:\/\/huntnfishusa.com\/wp-content\/uploads\/2020\/11\/familyfishing-600.jpg\" \/>\n\t<meta property=\"og:image:width\" content=\"600\" \/>\n\t<meta property=\"og:image:height\" content=\"600\" \/>\n\t<meta property=\"og:image:type\" content=\"image\/jpeg\" \/>\n<meta name=\"twitter:card\" content=\"summary_large_image\" \/>\n<script type=\"application\/ld+json\" class=\"yoast-schema-graph\">{\"@context\":\"https:\/\/schema.org\",\"@graph\":[{\"@type\":\"WebPage\",\"@id\":\"https:\/\/huntnfishusa.com\/de\/shop\/family-fishing\/\",\"url\":\"https:\/\/huntnfishusa.com\/de\/shop\/family-fishing\/\",\"name\":\"Family Fishing 1\/2 day - hunt &#039;n&#039; fish USA\",\"isPartOf\":{\"@id\":\"https:\/\/huntnfishusa.com\/#website\"},\"primaryImageOfPage\":{\"@id\":\"https:\/\/huntnfishusa.com\/de\/shop\/family-fishing\/#primaryimage\"},\"image\":{\"@id\":\"https:\/\/huntnfishusa.com\/de\/shop\/family-fishing\/#primaryimage\"},\"thumbnailUrl\":\"https:\/\/huntnfishusa.com\/wp-content\/uploads\/2020\/11\/familyfishing-600.jpg\",\"datePublished\":\"2020-10-19T07:48:45+00:00\",\"dateModified\":\"2020-11-25T08:40:57+00:00\",\"breadcrumb\":{\"@id\":\"https:\/\/huntnfishusa.com\/de\/shop\/family-fishing\/#breadcrumb\"},\"inLanguage\":\"de\",\"potentialAction\":[{\"@type\":\"ReadAction\",\"target\":[\"https:\/\/huntnfishusa.com\/de\/shop\/family-fishing\/\"]}]},{\"@type\":\"ImageObject\",\"inLanguage\":\"de\",\"@id\":\"https:\/\/huntnfishusa.com\/de\/shop\/family-fishing\/#primaryimage\",\"url\":\"https:\/\/huntnfishusa.com\/wp-content\/uploads\/2020\/11\/familyfishing-600.jpg\",\"contentUrl\":\"https:\/\/huntnfishusa.com\/wp-content\/uploads\/2020\/11\/familyfishing-600.jpg\",\"width\":600,\"height\":600},{\"@type\":\"BreadcrumbList\",\"@id\":\"https:\/\/huntnfishusa.com\/de\/shop\/family-fishing\/#breadcrumb\",\"itemListElement\":[{\"@type\":\"ListItem\",\"position\":1,\"name\":\"Hjem\",\"item\":\"https:\/\/huntnfishusa.com\/\"},{\"@type\":\"ListItem\",\"position\":2,\"name\":\"Tours\",\"item\":\"https:\/\/huntnfishusa.com\/shop\/\"},{\"@type\":\"ListItem\",\"position\":3,\"name\":\"Family Fishing 1\/2 day\"}]},{\"@type\":\"WebSite\",\"@id\":\"https:\/\/huntnfishusa.com\/#website\",\"url\":\"https:\/\/huntnfishusa.com\/\",\"name\":\"hunt &#039;n&#039; fish USA\",\"description\":\"Jagen und Fischen mit Pfeil und Bogen reist in Illinois USA\",\"publisher\":{\"@id\":\"https:\/\/huntnfishusa.com\/#organization\"},\"potentialAction\":[{\"@type\":\"SearchAction\",\"target\":{\"@type\":\"EntryPoint\",\"urlTemplate\":\"https:\/\/huntnfishusa.com\/?s={search_term_string}\"},\"query-input\":{\"@type\":\"PropertyValueSpecification\",\"valueRequired\":true,\"valueName\":\"search_term_string\"}}],\"inLanguage\":\"de\"},{\"@type\":\"Organization\",\"@id\":\"https:\/\/huntnfishusa.com\/#organization\",\"name\":\"Hunt 'n' Fish USA\",\"url\":\"https:\/\/huntnfishusa.com\/\",\"logo\":{\"@type\":\"ImageObject\",\"inLanguage\":\"de\",\"@id\":\"https:\/\/huntnfishusa.com\/#\/schema\/logo\/image\/\",\"url\":\"https:\/\/huntnfishusa.com\/wp-content\/uploads\/2020\/07\/huntnfishlogo_regular.png\",\"contentUrl\":\"https:\/\/huntnfishusa.com\/wp-content\/uploads\/2020\/07\/huntnfishlogo_regular.png\",\"width\":564,\"height\":134,\"caption\":\"Hunt 'n' Fish USA\"},\"image\":{\"@id\":\"https:\/\/huntnfishusa.com\/#\/schema\/logo\/image\/\"}}]}<\/script>\n<!-- \/ Yoast SEO plugin. -->","yoast_head_json":{"title":"Family Fishing 1\/2 day - hunt &#039;n&#039; fish USA","robots":{"index":"index","follow":"follow","max-snippet":"max-snippet:-1","max-image-preview":"max-image-preview:large","max-video-preview":"max-video-preview:-1"},"canonical":"https:\/\/huntnfishusa.com\/de\/shop\/family-fishing\/","og_locale":"de_DE","og_type":"article","og_title":"Family Fishing 1\/2 day - hunt &#039;n&#039; fish USA","og_url":"https:\/\/huntnfishusa.com\/de\/shop\/family-fishing\/","og_site_name":"hunt &#039;n&#039; fish USA","article_modified_time":"2020-11-25T08:40:57+00:00","og_image":[{"width":600,"height":600,"url":"https:\/\/huntnfishusa.com\/wp-content\/uploads\/2020\/11\/familyfishing-600.jpg","type":"image\/jpeg"}],"twitter_card":"summary_large_image","schema":{"@context":"https:\/\/schema.org","@graph":[{"@type":"WebPage","@id":"https:\/\/huntnfishusa.com\/de\/shop\/family-fishing\/","url":"https:\/\/huntnfishusa.com\/de\/shop\/family-fishing\/","name":"Family Fishing 1\/2 day - hunt &#039;n&#039; fish USA","isPartOf":{"@id":"https:\/\/huntnfishusa.com\/#website"},"primaryImageOfPage":{"@id":"https:\/\/huntnfishusa.com\/de\/shop\/family-fishing\/#primaryimage"},"image":{"@id":"https:\/\/huntnfishusa.com\/de\/shop\/family-fishing\/#primaryimage"},"thumbnailUrl":"https:\/\/huntnfishusa.com\/wp-content\/uploads\/2020\/11\/familyfishing-600.jpg","datePublished":"2020-10-19T07:48:45+00:00","dateModified":"2020-11-25T08:40:57+00:00","breadcrumb":{"@id":"https:\/\/huntnfishusa.com\/de\/shop\/family-fishing\/#breadcrumb"},"inLanguage":"de","potentialAction":[{"@type":"ReadAction","target":["https:\/\/huntnfishusa.com\/de\/shop\/family-fishing\/"]}]},{"@type":"ImageObject","inLanguage":"de","@id":"https:\/\/huntnfishusa.com\/de\/shop\/family-fishing\/#primaryimage","url":"https:\/\/huntnfishusa.com\/wp-content\/uploads\/2020\/11\/familyfishing-600.jpg","contentUrl":"https:\/\/huntnfishusa.com\/wp-content\/uploads\/2020\/11\/familyfishing-600.jpg","width":600,"height":600},{"@type":"BreadcrumbList","@id":"https:\/\/huntnfishusa.com\/de\/shop\/family-fishing\/#breadcrumb","itemListElement":[{"@type":"ListItem","position":1,"name":"Hjem","item":"https:\/\/huntnfishusa.com\/"},{"@type":"ListItem","position":2,"name":"Tours","item":"https:\/\/huntnfishusa.com\/shop\/"},{"@type":"ListItem","position":3,"name":"Family Fishing 1\/2 day"}]},{"@type":"WebSite","@id":"https:\/\/huntnfishusa.com\/#website","url":"https:\/\/huntnfishusa.com\/","name":"hunt &#039;n&#039; fish USA","description":"Jagen und Fischen mit Pfeil und Bogen reist in Illinois USA","publisher":{"@id":"https:\/\/huntnfishusa.com\/#organization"},"potentialAction":[{"@type":"SearchAction","target":{"@type":"EntryPoint","urlTemplate":"https:\/\/huntnfishusa.com\/?s={search_term_string}"},"query-input":{"@type":"PropertyValueSpecification","valueRequired":true,"valueName":"search_term_string"}}],"inLanguage":"de"},{"@type":"Organization","@id":"https:\/\/huntnfishusa.com\/#organization","name":"Hunt 'n' Fish USA","url":"https:\/\/huntnfishusa.com\/","logo":{"@type":"ImageObject","inLanguage":"de","@id":"https:\/\/huntnfishusa.com\/#\/schema\/logo\/image\/","url":"https:\/\/huntnfishusa.com\/wp-content\/uploads\/2020\/07\/huntnfishlogo_regular.png","contentUrl":"https:\/\/huntnfishusa.com\/wp-content\/uploads\/2020\/07\/huntnfishlogo_regular.png","width":564,"height":134,"caption":"Hunt 'n' Fish USA"},"image":{"@id":"https:\/\/huntnfishusa.com\/#\/schema\/logo\/image\/"}}]}},"_links":{"self":[{"href":"https:\/\/huntnfishusa.com\/de\/wp-json\/wp\/v2\/product\/2399","targetHints":{"allow":["GET"]}}],"collection":[{"href":"https:\/\/huntnfishusa.com\/de\/wp-json\/wp\/v2\/product"}],"about":[{"href":"https:\/\/huntnfishusa.com\/de\/wp-json\/wp\/v2\/types\/product"}],"version-history":[{"count":5,"href":"https:\/\/huntnfishusa.com\/de\/wp-json\/wp\/v2\/product\/2399\/revisions"}],"predecessor-version":[{"id":3186,"href":"https:\/\/huntnfishusa.com\/de\/wp-json\/wp\/v2\/product\/2399\/revisions\/3186"}],"wp:featuredmedia":[{"embeddable":true,"href":"https:\/\/huntnfishusa.com\/de\/wp-json\/wp\/v2\/media\/4467"}],"wp:attachment":[{"href":"https:\/\/huntnfishusa.com\/de\/wp-json\/wp\/v2\/media?parent=2399"}],"wp:term":[{"taxonomy":"product_brand","embeddable":true,"href":"https:\/\/huntnfishusa.com\/de\/wp-json\/wp\/v2\/product_brand?post=2399"},{"taxonomy":"product_cat","embeddable":true,"href":"https:\/\/huntnfishusa.com\/de\/wp-json\/wp\/v2\/product_cat?post=2399"},{"taxonomy":"product_tag","embeddable":true,"href":"https:\/\/huntnfishusa.com\/de\/wp-json\/wp\/v2\/product_tag?post=2399"}],"curies":[{"name":"wp","href":"https:\/\/api.w.org\/{rel}","templated":true}]}}